{"id":70,"date":"2025-09-16T09:48:27","date_gmt":"2025-09-16T09:48:27","guid":{"rendered":"http:\/\/www.greenmech.com.ro\/?page_id=70"},"modified":"2025-09-22T09:43:53","modified_gmt":"2025-09-22T09:43:53","slug":"greenmech-evo-165p-sub-750","status":"publish","type":"page","link":"https:\/\/www.greenmech.com.ro\/index.php\/greenmech-evo-165p-sub-750\/","title":{"rendered":"GreenMech EVO 165P Sub 750"},"content":{"rendered":"\n<h3 class=\"wp-block-heading\">Toat\u0103 performan\u021ba la care te-ai a\u0219tepta, acum \u00eentr-un pachet sub 750 kg<\/h3>\n\n\n\n<div style=\"height:41px\" aria-hidden=\"true\" class=\"wp-block-spacer\"><\/div>\n\n\n\n<figure class=\"wp-block-image size-full is-resized\"><img loading=\"lazy\" decoding=\"async\" width=\"916\" height=\"584\" src=\"https:\/\/www.greenmech.com.ro\/wp-content\/uploads\/2025\/09\/image-18.png\" alt=\"\" class=\"wp-image-71\" style=\"width:738px;height:auto\" srcset=\"https:\/\/www.greenmech.com.ro\/wp-content\/uploads\/2025\/09\/image-18.png 916w, https:\/\/www.greenmech.com.ro\/wp-content\/uploads\/2025\/09\/image-18-300x191.png 300w, https:\/\/www.greenmech.com.ro\/wp-content\/uploads\/2025\/09\/image-18-768x490.png 768w\" sizes=\"auto, (max-width: 916px) 100vw, 916px\" \/><\/figure>\n\n\n\n<div style=\"height:25px\" aria-hidden=\"true\" class=\"wp-block-spacer\"><\/div>\n\n\n\n<h3 class=\"wp-block-heading\">Toc\u0103torul GreenMech EVO 165P Sub 750kg<\/h3>\n\n\n\n<p>\u021ai-ai dorit performan\u021ba \u0219i durabilitatea incredibil\u0103 ale modelului EVO 165, dar \u00eentr-o ma\u0219in\u0103 sub 750 kg. Acum po\u021bi avea totul!<\/p>\n\n\n\n<p>EVO 165P SUB-750 p\u0103streaz\u0103 multe dintre caracteristicile cheie ale seriei EVO, inclusiv gura de alimentare larg\u0103, rolele orizontale duble, capota integral din o\u021bel \u0219i volanta heavy-duty, combinate cu puternicul, dar economicul motor pe benzin\u0103 Briggs &amp; Stratton Vanguard de 40 CP.<\/p>\n\n\n\n<div style=\"height:18px\" aria-hidden=\"true\" class=\"wp-block-spacer\"><\/div>\n\n\n\n<div class=\"wp-block-columns is-layout-flex wp-container-core-columns-is-layout-28f84493 wp-block-columns-is-layout-flex\">\n<div class=\"wp-block-column is-layout-flow wp-block-column-is-layout-flow\">\n<div class=\"wp-block-buttons is-layout-flex wp-block-buttons-is-layout-flex\">\n<div class=\"wp-block-button\"><a class=\"wp-block-button__link wp-element-button\" href=\"tel: +40744671621\">Cereti detalii<\/a><\/div>\n\n\n\n<div class=\"wp-block-button\"><a class=\"wp-block-button__link wp-element-button\" href=\"mailto:office@greenmech.com.ro\">Cereti oferta<\/a><\/div>\n<\/div>\n<\/div>\n\n\n\n<div class=\"wp-block-column is-layout-flow wp-block-column-is-layout-flow\"><\/div>\n<\/div>\n\n\n\n<h3 class=\"wp-block-heading\">Informa\u021bii extra<\/h3>\n\n\n\n<div class=\"wp-block-group is-vertical is-layout-flex wp-container-core-group-is-layout-fe9cc265 wp-block-group-is-layout-flex\">\n<p><strong>Cuplu mai agresiv<\/strong><\/p>\n\n\n\n<p><strong>Mu\u0219c\u0103tur\u0103 mai agresiv\u0103<\/strong><\/p>\n\n\n\n<p><strong>Randament sporit<\/strong><\/p>\n\n\n\n<p><strong>Capacitate de 6&#8243; \/ 165 mm<\/strong><\/p>\n\n\n\n<p><strong>Volant\u0103 heavy-duty<\/strong><\/p>\n\n\n\n<p><strong>Sistem cu disc-lam\u0103<\/strong><\/p>\n<\/div>\n\n\n\n<div style=\"height:24px\" aria-hidden=\"true\" class=\"wp-block-spacer\"><\/div>\n\n\n\n<figure class=\"wp-block-image size-full is-resized\"><img loading=\"lazy\" decoding=\"async\" width=\"903\" height=\"570\" src=\"https:\/\/www.greenmech.com.ro\/wp-content\/uploads\/2025\/09\/image-19.png\" alt=\"\" class=\"wp-image-72\" style=\"width:919px;height:auto\" srcset=\"https:\/\/www.greenmech.com.ro\/wp-content\/uploads\/2025\/09\/image-19.png 903w, https:\/\/www.greenmech.com.ro\/wp-content\/uploads\/2025\/09\/image-19-300x189.png 300w, https:\/\/www.greenmech.com.ro\/wp-content\/uploads\/2025\/09\/image-19-768x485.png 768w\" sizes=\"auto, (max-width: 903px) 100vw, 903px\" \/><\/figure>\n\n\n\n<h3 class=\"wp-block-heading\">Caracteristici principale<\/h3>\n\n\n\n<h5 class=\"wp-block-heading\">SISTEM DE ALIMENTARE \u201eNO-STRESS\u201d<\/h5>\n\n\n\n<p>Gestioneaz\u0103 automat \u0219i men\u021bine un flux constant de material prin procesor, f\u0103r\u0103 a bloca sau opri ma\u0219ina.<\/p>\n\n\n\n<h5 class=\"wp-block-heading\">MOTOR PE BENZIN\u0102 CONFORM NORMELOR<\/h5>\n\n\n\n<p>Motorul pe benzin\u0103 Briggs &amp; Stratton de 37 CP, conform standardului Stage V, ofer\u0103 putere eficient\u0103, adaptat\u0103 nevoilor opera\u021bionale, p\u0103str\u00e2nd totodat\u0103 economia de combustibil.<\/p>\n\n\n\n<h5 class=\"wp-block-heading\">VOLANT\u0102 PUTERNIC\u0102<\/h5>\n\n\n\n<p>Cu o mas\u0103 de <strong>72 kg<\/strong>, noua volant\u0103 ofer\u0103 o putere de procesare neegalat\u0103 pentru o ma\u0219in\u0103 de aceast\u0103 dimensiune.<\/p>\n\n\n\n<h5 class=\"wp-block-heading\">JGHEAB DE ALIMENTARE LARG<\/h5>\n\n\n\n<p>Reduce timpul necesar pentru t\u0103iere cu fier\u0103str\u0103ul \u0219i ajut\u0103 la prevenirea declan\u0219\u0103rii accidentale a barei de siguran\u021b\u0103 atunci c\u00e2nd sunt introduse ramuri late.<\/p>\n\n\n\n<h5 class=\"wp-block-heading\">ROLE ORIZONTALE<\/h5>\n\n\n\n<p>Adun\u0103 \u0219i prind materialul, asigur\u00e2nd un flux lin c\u0103tre procesor, cu mi\u0219c\u0103ri laterale reduse.<\/p>\n\n\n\n<h5 class=\"wp-block-heading\">115 dB PUTERE \/ 92 dB PRESIUNE<\/h5>\n\n\n\n<p>Capota rabatabil\u0103 din o\u021bel, \u00een combina\u021bie cu sistemul cu disc-lam\u0103, ofer\u0103 unul dintre cele mai silen\u021bioase toc\u0103toare de lemn de pe pia\u021b\u0103.<\/p>\n\n\n\n<p><\/p>\n","protected":false},"excerpt":{"rendered":"<p>Toat\u0103 performan\u021ba la care te-ai a\u0219tepta, acum \u00eentr-un pachet sub 750 kg Toc\u0103torul GreenMech EVO 165P Sub 750kg \u021ai-ai dorit performan\u021ba \u0219i durabilitatea incredibil\u0103 ale modelului EVO 165, dar \u00eentr-o ma\u0219in\u0103 sub 750 kg. Acum po\u021bi avea totul! EVO 165P SUB-750 p\u0103streaz\u0103 multe dintre caracteristicile cheie ale seriei EVO, inclusiv gura de alimentare larg\u0103, rolele [&hellip;]<\/p>\n","protected":false},"author":1,"featured_media":0,"parent":0,"menu_order":0,"comment_status":"closed","ping_status":"closed","template":"","meta":{"footnotes":""},"class_list":["post-70","page","type-page","status-publish","hentry"],"aioseo_notices":[],"_links":{"self":[{"href":"https:\/\/www.greenmech.com.ro\/index.php\/wp-json\/wp\/v2\/pages\/70","targetHints":{"allow":["GET"]}}],"collection":[{"href":"https:\/\/www.greenmech.com.ro\/index.php\/wp-json\/wp\/v2\/pages"}],"about":[{"href":"https:\/\/www.greenmech.com.ro\/index.php\/wp-json\/wp\/v2\/types\/page"}],"author":[{"embeddable":true,"href":"https:\/\/www.greenmech.com.ro\/index.php\/wp-json\/wp\/v2\/users\/1"}],"replies":[{"embeddable":true,"href":"https:\/\/www.greenmech.com.ro\/index.php\/wp-json\/wp\/v2\/comments?post=70"}],"version-history":[{"count":2,"href":"https:\/\/www.greenmech.com.ro\/index.php\/wp-json\/wp\/v2\/pages\/70\/revisions"}],"predecessor-version":[{"id":192,"href":"https:\/\/www.greenmech.com.ro\/index.php\/wp-json\/wp\/v2\/pages\/70\/revisions\/192"}],"wp:attachment":[{"href":"https:\/\/www.greenmech.com.ro\/index.php\/wp-json\/wp\/v2\/media?parent=70"}],"curies":[{"name":"wp","href":"https:\/\/api.w.org\/{rel}","templated":true}]}}