{"id":62,"date":"2025-09-16T09:47:42","date_gmt":"2025-09-16T09:47:42","guid":{"rendered":"http:\/\/www.greenmech.com.ro\/?page_id=62"},"modified":"2025-09-22T09:00:23","modified_gmt":"2025-09-22T09:00:23","slug":"greenmech-evo-165d","status":"publish","type":"page","link":"https:\/\/www.greenmech.com.ro\/index.php\/greenmech-evo-165d\/","title":{"rendered":"GreenMech EVO 165D"},"content":{"rendered":"\n<h3 class=\"wp-block-heading\">Experimenteaz\u0103 evolu\u021bia<\/h3>\n\n\n\n<figure class=\"wp-block-image size-full is-resized\"><img loading=\"lazy\" decoding=\"async\" width=\"357\" height=\"311\" src=\"https:\/\/www.greenmech.com.ro\/wp-content\/uploads\/2025\/09\/image-16.png\" alt=\"\" class=\"wp-image-64\" style=\"width:560px;height:auto\" srcset=\"https:\/\/www.greenmech.com.ro\/wp-content\/uploads\/2025\/09\/image-16.png 357w, https:\/\/www.greenmech.com.ro\/wp-content\/uploads\/2025\/09\/image-16-300x261.png 300w\" sizes=\"auto, (max-width: 357px) 100vw, 357px\" \/><\/figure>\n\n\n\n<figure class=\"wp-block-image size-full is-resized\"><img loading=\"lazy\" decoding=\"async\" width=\"1025\" height=\"675\" src=\"https:\/\/www.greenmech.com.ro\/wp-content\/uploads\/2025\/09\/image-17.png\" alt=\"\" class=\"wp-image-65\" style=\"width:799px;height:auto\" srcset=\"https:\/\/www.greenmech.com.ro\/wp-content\/uploads\/2025\/09\/image-17.png 1025w, https:\/\/www.greenmech.com.ro\/wp-content\/uploads\/2025\/09\/image-17-300x198.png 300w, https:\/\/www.greenmech.com.ro\/wp-content\/uploads\/2025\/09\/image-17-768x506.png 768w\" sizes=\"auto, (max-width: 1025px) 100vw, 1025px\" \/><\/figure>\n\n\n\n<div class=\"wp-block-buttons is-layout-flex wp-block-buttons-is-layout-flex\">\n<div class=\"wp-block-button\"><a class=\"wp-block-button__link wp-element-button\" href=\"https:\/\/youtu.be\/SIoTnual1pw?si=_gsRYYNI7jvugLFW\">Prezentare video utilaj<\/a><\/div>\n<\/div>\n\n\n\n<h4 class=\"wp-block-heading\"><strong>Cuplu mai agresiv<\/strong><\/h4>\n\n\n\n<h4 class=\"wp-block-heading\"><strong>Mu\u0219c\u0103tur\u0103 mai agresiv\u0103<\/strong><\/h4>\n\n\n\n<h4 class=\"wp-block-heading\"><strong>Debit mai mare<\/strong><\/h4>\n\n\n\n<h4 class=\"wp-block-heading\">C<strong>apacitate de 165 mm<\/strong><\/h4>\n\n\n\n<h4 class=\"wp-block-heading\"><strong>Volant\u0103 heavy-duty<\/strong><\/h4>\n\n\n\n<h4 class=\"wp-block-heading\"><strong>Sistem cu disc-lam\u0103<\/strong><\/h4>\n\n\n\n<div style=\"height:38px\" aria-hidden=\"true\" class=\"wp-block-spacer\"><\/div>\n\n\n\n<h2 class=\"wp-block-heading\">Informa\u021bii extra<\/h2>\n\n\n\n<p>Aceast\u0103 ma\u0219in\u0103 reprezint\u0103 tot ce \u00eenseamn\u0103 <em>evolu\u021bie<\/em> \u00een materie de toc\u0103toare. Proiectat\u0103 pe baza feedback-ului din industrie \u0219i realizat\u0103 cu decenii de expertiz\u0103 \u00een inginerie, EVO 165D ofer\u0103 puterea, eficien\u021ba \u0219i fiabilitatea pe care le-ai a\u0219teptat.<\/p>\n\n\n\n<div style=\"height:8px\" aria-hidden=\"true\" class=\"wp-block-spacer\"><\/div>\n\n\n\n<div class=\"wp-block-group is-nowrap is-layout-flex wp-container-core-group-is-layout-6c531013 wp-block-group-is-layout-flex\">\n<div class=\"wp-block-buttons is-layout-flex wp-block-buttons-is-layout-flex\">\n<div class=\"wp-block-button\"><a class=\"wp-block-button__link wp-element-button\" href=\"tel: +40744671621\">Cere\u021bi oferta<\/a><\/div>\n<\/div>\n\n\n\n<div class=\"wp-block-buttons is-layout-flex wp-block-buttons-is-layout-flex\">\n<div class=\"wp-block-button\"><a class=\"wp-block-button__link wp-element-button\" href=\"mailto:office@greenmech.com.ro\">Cere\u021bi detalii<\/a><\/div>\n<\/div>\n<\/div>\n\n\n\n<div style=\"height:36px\" aria-hidden=\"true\" class=\"wp-block-spacer\"><\/div>\n\n\n\n<h2 class=\"wp-block-heading\">Caracteristici principale<\/h2>\n\n\n\n<h3 class=\"wp-block-heading\">Sistem de alimentare <strong>NO-STRESS<\/strong><\/h3>\n\n\n\n<p>Gestioneaz\u0103 automat \u0219i men\u021bine un flux optim de material prin procesor, prevenind blocajele sau opririle neprev\u0103zute ale utilajului.<\/p>\n\n\n\n<h3 class=\"wp-block-heading\">Motor diesel conform normelor <strong>Stage 5<\/strong><\/h3>\n\n\n\n<p>Motorul diesel conform standardelor europene Stage 5 asigur\u0103 puterea necesar\u0103 pentru orice lucrare, optimizat\u0103 pentru eficien\u021b\u0103 \u0219i economie de combustibil.<\/p>\n\n\n\n<h3 class=\"wp-block-heading\">Valv\u0103 de reglare a debitului<\/h3>\n\n\n\n<p>Permite operatorului s\u0103 regleze fluxul de material introdus \u00een toc\u0103tor \u0219i, dac\u0103 este necesar, s\u0103 ajusteze dimensiunea a\u0219chiilor rezultate.<\/p>\n\n\n\n<h3 class=\"wp-block-heading\">Gur\u0103 de alimentare larg\u0103<\/h3>\n\n\n\n<p>Reduce timpul de preg\u0103tire cu drujba \u0219i previne declan\u0219area accidental\u0103 a barei de siguran\u021b\u0103 atunci c\u00e2nd se introduc crengi sau ramuri mai groase.<\/p>\n\n\n\n<h3 class=\"wp-block-heading\">Role orizontale de alimentare<\/h3>\n\n\n\n<p>Prind \u0219i ghideaz\u0103 materialul \u00een procesor, asigur\u00e2nd un flux constant \u0219i uniform, cu mi\u0219care lateral\u0103 redus\u0103.<\/p>\n\n\n\n<h3 class=\"wp-block-heading\">Nivel redus de zgomot \u2013 <strong>114 dB putere \/ 91 dB presiune<\/strong><\/h3>\n\n\n\n<p>Capota metalic\u0103 rabatabil\u0103 este c\u0103ptu\u0219it\u0103 cu material fonoabsorbant, iar \u00een combina\u021bie cu sistemul cu disc-lam\u0103, ofer\u0103 unul dintre cele mai silen\u021bioase toc\u0103toare de lemn de pe pia\u021b\u0103.<\/p>\n\n\n\n<h3 class=\"wp-block-heading\">Kituri service<\/h3>\n\n\n\n<div class=\"wp-block-columns is-layout-flex wp-container-core-columns-is-layout-28f84493 wp-block-columns-is-layout-flex\">\n<div class=\"wp-block-column is-layout-flow wp-block-column-is-layout-flow\">\n<div class=\"wp-block-group is-layout-constrained wp-block-group-is-layout-constrained\">\n<figure class=\"wp-block-image size-full is-resized\"><img loading=\"lazy\" decoding=\"async\" width=\"768\" height=\"768\" src=\"https:\/\/www.greenmech.com.ro\/wp-content\/uploads\/2025\/09\/greenmech-service-kit-4032151-768x768-1.jpg\" alt=\"\" class=\"wp-image-67\" style=\"width:280px;height:auto\" srcset=\"https:\/\/www.greenmech.com.ro\/wp-content\/uploads\/2025\/09\/greenmech-service-kit-4032151-768x768-1.jpg 768w, https:\/\/www.greenmech.com.ro\/wp-content\/uploads\/2025\/09\/greenmech-service-kit-4032151-768x768-1-300x300.jpg 300w, https:\/\/www.greenmech.com.ro\/wp-content\/uploads\/2025\/09\/greenmech-service-kit-4032151-768x768-1-150x150.jpg 150w\" sizes=\"auto, (max-width: 768px) 100vw, 768px\" \/><\/figure>\n\n\n\n<div class=\"wp-block-group is-layout-constrained wp-block-group-is-layout-constrained\">\n<h4 class=\"wp-block-heading\">Service Kit \u2013 EVO 165D \u2013 250 ore<\/h4>\n\n\n\n<p>Pentru utilizare cu EVO16D<br>Kituri disponibile pentru 1000 de ore<\/p>\n<\/div>\n<\/div>\n<\/div>\n\n\n\n<div class=\"wp-block-column is-layout-flow wp-block-column-is-layout-flow\">\n<div class=\"wp-block-group is-layout-constrained wp-block-group-is-layout-constrained\">\n<figure class=\"wp-block-image size-large is-resized\"><img decoding=\"async\" src=\"https:\/\/greenmech.co.uk\/wp-content\/uploads\/2022\/11\/greenmech-service-kit-4031175-768x768.jpg\" alt=\"\" style=\"width:279px;height:auto\"\/><\/figure>\n\n\n\n<div class=\"wp-block-group is-layout-constrained wp-block-group-is-layout-constrained\">\n<div class=\"wp-block-group is-layout-constrained wp-block-group-is-layout-constrained\">\n<h4 class=\"wp-block-heading\">Service Kit \u2013 EVO 165D \u2013 1000 ore<\/h4>\n\n\n\n<p>Pentru utilizare cu EVO16D<br>Kituri de service pentru 1000 de ore disponibile<\/p>\n<\/div>\n<\/div>\n<\/div>\n<\/div>\n\n\n\n<div class=\"wp-block-column is-layout-flow wp-block-column-is-layout-flow\">\n<div class=\"wp-block-group is-layout-constrained wp-block-group-is-layout-constrained\">\n<figure class=\"wp-block-image size-large is-resized\"><img decoding=\"async\" src=\"https:\/\/greenmech.co.uk\/wp-content\/uploads\/2022\/11\/GreenMech-Disc-Blade-Kit-4035129-768x768.jpg\" alt=\"\" style=\"width:279px;height:auto\"\/><\/figure>\n\n\n\n<h4 class=\"wp-block-heading\">Service Kit \u2013 4 DISC KIT<\/h4>\n<\/div>\n<\/div>\n<\/div>\n\n\n\n<p><\/p>\n","protected":false},"excerpt":{"rendered":"<p>Experimenteaz\u0103 evolu\u021bia Cuplu mai agresiv Mu\u0219c\u0103tur\u0103 mai agresiv\u0103 Debit mai mare Capacitate de 165 mm Volant\u0103 heavy-duty Sistem cu disc-lam\u0103 Informa\u021bii extra Aceast\u0103 ma\u0219in\u0103 reprezint\u0103 tot ce \u00eenseamn\u0103 evolu\u021bie \u00een materie de toc\u0103toare. Proiectat\u0103 pe baza feedback-ului din industrie \u0219i realizat\u0103 cu decenii de expertiz\u0103 \u00een inginerie, EVO 165D ofer\u0103 puterea, eficien\u021ba \u0219i fiabilitatea pe [&hellip;]<\/p>\n","protected":false},"author":1,"featured_media":0,"parent":0,"menu_order":0,"comment_status":"closed","ping_status":"closed","template":"","meta":{"footnotes":""},"class_list":["post-62","page","type-page","status-publish","hentry"],"aioseo_notices":[],"_links":{"self":[{"href":"https:\/\/www.greenmech.com.ro\/index.php\/wp-json\/wp\/v2\/pages\/62","targetHints":{"allow":["GET"]}}],"collection":[{"href":"https:\/\/www.greenmech.com.ro\/index.php\/wp-json\/wp\/v2\/pages"}],"about":[{"href":"https:\/\/www.greenmech.com.ro\/index.php\/wp-json\/wp\/v2\/types\/page"}],"author":[{"embeddable":true,"href":"https:\/\/www.greenmech.com.ro\/index.php\/wp-json\/wp\/v2\/users\/1"}],"replies":[{"embeddable":true,"href":"https:\/\/www.greenmech.com.ro\/index.php\/wp-json\/wp\/v2\/comments?post=62"}],"version-history":[{"count":9,"href":"https:\/\/www.greenmech.com.ro\/index.php\/wp-json\/wp\/v2\/pages\/62\/revisions"}],"predecessor-version":[{"id":190,"href":"https:\/\/www.greenmech.com.ro\/index.php\/wp-json\/wp\/v2\/pages\/62\/revisions\/190"}],"wp:attachment":[{"href":"https:\/\/www.greenmech.com.ro\/index.php\/wp-json\/wp\/v2\/media?parent=62"}],"curies":[{"name":"wp","href":"https:\/\/api.w.org\/{rel}","templated":true}]}}