{"id":49,"date":"2025-09-16T08:51:14","date_gmt":"2025-09-16T08:51:14","guid":{"rendered":"http:\/\/www.greenmech.com.ro\/?page_id=49"},"modified":"2025-09-22T09:44:22","modified_gmt":"2025-09-22T09:44:22","slug":"taietorul-eco-135","status":"publish","type":"page","link":"https:\/\/www.greenmech.com.ro\/index.php\/taietorul-eco-135\/","title":{"rendered":"T\u0103ietorul GreenMech ECO 135"},"content":{"rendered":"\n<figure class=\"wp-block-image size-full is-resized\"><img loading=\"lazy\" decoding=\"async\" width=\"352\" height=\"255\" src=\"https:\/\/www.greenmech.com.ro\/wp-content\/uploads\/2025\/09\/image-13.png\" alt=\"\" class=\"wp-image-52\" style=\"width:515px;height:auto\" srcset=\"https:\/\/www.greenmech.com.ro\/wp-content\/uploads\/2025\/09\/image-13.png 352w, https:\/\/www.greenmech.com.ro\/wp-content\/uploads\/2025\/09\/image-13-300x217.png 300w\" sizes=\"auto, (max-width: 352px) 100vw, 352px\" \/><\/figure>\n\n\n\n<p><strong>Capacitate de 5,5&#8243; \/ 135 mm<\/strong><\/p>\n\n\n\n<p><strong>Motor pe benzin\u0103 Loncin, 24 CP<\/strong><\/p>\n\n\n\n<p><strong>Bunc\u0103r de alimentare generos<\/strong><\/p>\n\n\n\n<p><strong>Sistem de alimentare \u201eNo-Stress\u201d<\/strong><\/p>\n\n\n\n<p><strong>Sistem cu discuri-t\u0103ietoare<\/strong><\/p>\n\n\n\n<p><strong>Role de alimentare ac\u021bionate hidraulic<\/strong><\/p>\n\n\n\n<h2 class=\"wp-block-heading\">Informa\u021bii extra<\/h2>\n\n\n\n<p>Modelul ECO <strong>135<\/strong> poate fi configurat suplimentar pentru a se potrivi diferitelor aplica\u021bii \u0219i bugete.<br>Op\u021biunile includ: un jgheab de evacuare cu \u00een\u0103l\u021bime variabil\u0103, roat\u0103 de rezerv\u0103, cutie de depozitare \u0219i pachetul <strong>GreenMech HushChip<\/strong>, care ofer\u0103 protec\u021bie suplimentar\u0103 componentelor \u0219i reduce nivelul de zgomot.<br>De asemenea, se poate opta pentru iluminare LED, ca alternativ\u0103 la kitul cu filament montat standard.<\/p>\n\n\n\n<div class=\"wp-block-columns is-layout-flex wp-container-core-columns-is-layout-28f84493 wp-block-columns-is-layout-flex\">\n<div class=\"wp-block-column is-layout-flow wp-block-column-is-layout-flow\">\n<div class=\"wp-block-buttons is-layout-flex wp-block-buttons-is-layout-flex\">\n<div class=\"wp-block-button\"><a class=\"wp-block-button__link wp-element-button\" href=\"tel: +40744671621\">Cere\u021bi ofert\u0103<\/a><\/div>\n\n\n\n<div class=\"wp-block-button\"><a class=\"wp-block-button__link wp-element-button\" href=\"mailto:office@greenmech.com.ro\">Cere\u021bi detalii<\/a><\/div>\n<\/div>\n<\/div>\n\n\n\n<div class=\"wp-block-column is-layout-flow wp-block-column-is-layout-flow\"><\/div>\n<\/div>\n\n\n\n<h3 class=\"wp-block-heading\">Caracteristici principale<\/h3>\n\n\n\n<p><strong>SISTEM DE ALIMENTARE NO-STRESS<\/strong><br>Sistemul de alimentare controlat electronic No-Stress inverseaz\u0103 rolele de alimentare pentru a elibera lamele toc\u0103torului, permi\u021b\u00e2nd recuperarea rapid\u0103 a vitezei rotorului \u0219i, implicit, cre\u0219terea productivit\u0103\u021bii.<\/p>\n\n\n\n<p><strong>TEHNOLOGIE CU DISCURI DE T\u0102IERE<\/strong><br>Ac\u021biunea de t\u0103iere a setului de 2 discuri face ca lamele s\u0103 fie mai tolerante la eventualele corpuri str\u0103ine care pot ajunge \u00een toc\u0103tor.<\/p>\n\n\n\n<p><strong>PALETA DE ALIMENTARE RABATABIL\u0102<\/strong><br>Permite o vizibilitate bun\u0103 asupra panoului luminos \u00een timpul transportului \u0219i reduce lungimea total\u0103 pentru depozitare.<\/p>\n\n\n\n<p><strong>PALETA DE ALIMENTARE<\/strong><br>Un bunc\u0103r generos de 850 mm x 680 mm faciliteaz\u0103 introducerea materialului des, \u00eempreun\u0103 cu o deschidere tip \u201efanta po\u0219tal\u0103\u201d de 150 mm x 135 mm, care permite alimentarea u\u0219oar\u0103 a crengilor ramificate.<\/p>\n\n\n\n<p><strong>ROLE ORIZONTALE GEMENE<\/strong><br>Cele dou\u0103 role hidraulice orizontale preseaz\u0103 eficient materialul, cu mi\u0219care lateral\u0103 minim\u0103.<\/p>\n\n\n\n<p><strong>DESIGN NOU AL ROTORULUI CU VOLANT<\/strong><br>Noul design al volantului ofer\u0103 o putere de procesare f\u0103r\u0103 egal pentru o ma\u0219in\u0103 de aceast\u0103 dimensiune.<\/p>\n\n\n\n<p><\/p>\n","protected":false},"excerpt":{"rendered":"<p>Capacitate de 5,5&#8243; \/ 135 mm Motor pe benzin\u0103 Loncin, 24 CP Bunc\u0103r de alimentare generos Sistem de alimentare \u201eNo-Stress\u201d Sistem cu discuri-t\u0103ietoare Role de alimentare ac\u021bionate hidraulic Informa\u021bii extra Modelul ECO 135 poate fi configurat suplimentar pentru a se potrivi diferitelor aplica\u021bii \u0219i bugete.Op\u021biunile includ: un jgheab de evacuare cu \u00een\u0103l\u021bime variabil\u0103, roat\u0103 de [&hellip;]<\/p>\n","protected":false},"author":1,"featured_media":0,"parent":0,"menu_order":0,"comment_status":"closed","ping_status":"closed","template":"","meta":{"footnotes":""},"class_list":["post-49","page","type-page","status-publish","hentry"],"aioseo_notices":[],"_links":{"self":[{"href":"https:\/\/www.greenmech.com.ro\/index.php\/wp-json\/wp\/v2\/pages\/49","targetHints":{"allow":["GET"]}}],"collection":[{"href":"https:\/\/www.greenmech.com.ro\/index.php\/wp-json\/wp\/v2\/pages"}],"about":[{"href":"https:\/\/www.greenmech.com.ro\/index.php\/wp-json\/wp\/v2\/types\/page"}],"author":[{"embeddable":true,"href":"https:\/\/www.greenmech.com.ro\/index.php\/wp-json\/wp\/v2\/users\/1"}],"replies":[{"embeddable":true,"href":"https:\/\/www.greenmech.com.ro\/index.php\/wp-json\/wp\/v2\/comments?post=49"}],"version-history":[{"count":6,"href":"https:\/\/www.greenmech.com.ro\/index.php\/wp-json\/wp\/v2\/pages\/49\/revisions"}],"predecessor-version":[{"id":193,"href":"https:\/\/www.greenmech.com.ro\/index.php\/wp-json\/wp\/v2\/pages\/49\/revisions\/193"}],"wp:attachment":[{"href":"https:\/\/www.greenmech.com.ro\/index.php\/wp-json\/wp\/v2\/media?parent=49"}],"curies":[{"name":"wp","href":"https:\/\/api.w.org\/{rel}","templated":true}]}}