{"id":40,"date":"2025-09-16T08:45:00","date_gmt":"2025-09-16T08:45:00","guid":{"rendered":"http:\/\/www.greenmech.com.ro\/?page_id=40"},"modified":"2025-09-22T08:59:50","modified_gmt":"2025-09-22T08:59:50","slug":"arborist-150p","status":"publish","type":"page","link":"https:\/\/www.greenmech.com.ro\/index.php\/arborist-150p\/","title":{"rendered":"GreenMech Arborist 150P"},"content":{"rendered":"\n<h3 class=\"wp-block-heading\">Adev\u0103rata alternativ\u0103 pentru randament ridicat la costuri reduse<\/h3>\n\n\n\n<figure class=\"wp-block-image size-full is-resized\"><img loading=\"lazy\" decoding=\"async\" width=\"431\" height=\"368\" src=\"https:\/\/www.greenmech.com.ro\/wp-content\/uploads\/2025\/09\/image-10.png\" alt=\"\" class=\"wp-image-42\" style=\"width:530px;height:auto\" srcset=\"https:\/\/www.greenmech.com.ro\/wp-content\/uploads\/2025\/09\/image-10.png 431w, https:\/\/www.greenmech.com.ro\/wp-content\/uploads\/2025\/09\/image-10-300x256.png 300w\" sizes=\"auto, (max-width: 431px) 100vw, 431px\" \/><\/figure>\n\n\n\n<div class=\"wp-block-columns is-layout-flex wp-container-core-columns-is-layout-28f84493 wp-block-columns-is-layout-flex\">\n<div class=\"wp-block-column is-layout-flow wp-block-column-is-layout-flow\">\n<div class=\"wp-block-buttons is-layout-flex wp-block-buttons-is-layout-flex\">\n<div class=\"wp-block-button\"><a class=\"wp-block-button__link wp-element-button\" href=\"tel: +40744671621\">Cere\u021bi oferta<\/a><\/div>\n\n\n\n<div class=\"wp-block-button\"><a class=\"wp-block-button__link wp-element-button\" href=\"mailto:office@greenmech.com.ro\">Cere\u021bi detalii<\/a><\/div>\n<\/div>\n<\/div>\n\n\n\n<div class=\"wp-block-column is-layout-flow wp-block-column-is-layout-flow\"><\/div>\n<\/div>\n\n\n\n<h3 class=\"wp-block-heading\">Informa\u021bii extra<\/h3>\n\n\n\n<p>Arborist 150P este deja cel mai v\u00e2ndut toc\u0103tor din Europa din clasa sa, \u00eens\u0103 prin echiparea cu un motor pe benzin\u0103 Vanguard cu r\u0103cire pe aer, 40 CP, cu doi cilindri, GreenMech poate oferi acum o performan\u021b\u0103 apropiat\u0103 de cea a modelului Arborist 150P cu motor diesel, dar la un cost mult mai redus.<\/p>\n\n\n\n<h3 class=\"wp-block-heading\">Caracteristici principale<\/h3>\n\n\n\n<p><strong>SISTEM DE ALIMENTARE \u201eNO-STRESS\u201d<\/strong><br>Sistemul de alimentare controlat electronic \u201eNo-Stress\u201d inverseaz\u0103 rolele de alimentare pentru a elibera lamele toc\u0103torului, permi\u021b\u00e2nd recuperarea rapid\u0103 a vitezei rotorului \u0219i, implicit, cre\u0219terea productivit\u0103\u021bii.<\/p>\n\n\n\n<p><strong>BAR\u0102 DE TRACTARE REGLABIL\u0102<\/strong><br>Permite alinierea corect\u0103 a vehiculului cu toc\u0103torul, p\u0103str\u00e2nd \u00een acela\u0219i timp \u00een\u0103l\u021bimea minim\u0103 a mesei de alimentare de 600 mm.<\/p>\n\n\n\n<p><strong>JGHEAB DE ALIMENTARE RABATABIL<\/strong><br>Asigur\u0103 vizibilitate bun\u0103 a pl\u0103cii de semnalizare \u00een timpul transportului \u0219i reduce lungimea total\u0103 pentru depozitare.<\/p>\n\n\n\n<p><strong>JGHEAB DE ALIMENTARE L\u0102RGIT<\/strong><br>Un bunc\u0103r generos de 970 mm x 790 mm, care faciliteaz\u0103 introducerea crengilor stufoase, \u00eempreun\u0103 cu o deschidere de alimentare tip \u201efanta po\u0219tal\u0103\u201d de 150 mm x 230 mm, ce permite introducerea u\u0219oar\u0103 a ramurilor puternic ramificate.<\/p>\n\n\n\n<p><strong>ROLE HIDRAULICE VERTICALE DUBLE<\/strong><br>Cele dou\u0103 role hidraulice verticale strivesc eficient materialul lemnos, reduc\u00e2nd la minimum mi\u0219carea lateral\u0103.<\/p>\n\n\n\n<p><strong>115 DB PUTERE \/ 92 DB PRESIUNE<\/strong><br>Capota din o\u021bel rabatabil\u0103 este c\u0103ptu\u0219it\u0103 cu material fonoabsorbant, care, \u00eempreun\u0103 cu sistemul de discuri-t\u0103ietoare, asigur\u0103 emisii reduse de zgomot.<\/p>\n\n\n\n<figure class=\"wp-block-image size-full is-resized\"><img loading=\"lazy\" decoding=\"async\" width=\"986\" height=\"639\" src=\"https:\/\/www.greenmech.com.ro\/wp-content\/uploads\/2025\/09\/image-11.png\" alt=\"\" class=\"wp-image-44\" style=\"width:649px;height:auto\" srcset=\"https:\/\/www.greenmech.com.ro\/wp-content\/uploads\/2025\/09\/image-11.png 986w, https:\/\/www.greenmech.com.ro\/wp-content\/uploads\/2025\/09\/image-11-300x194.png 300w, https:\/\/www.greenmech.com.ro\/wp-content\/uploads\/2025\/09\/image-11-768x498.png 768w\" sizes=\"auto, (max-width: 986px) 100vw, 986px\" \/><\/figure>\n\n\n\n<figure class=\"wp-block-image size-large is-resized\"><img loading=\"lazy\" decoding=\"async\" width=\"1024\" height=\"645\" src=\"https:\/\/www.greenmech.com.ro\/wp-content\/uploads\/2025\/09\/image-12-1024x645.png\" alt=\"\" class=\"wp-image-45\" style=\"width:919px;height:auto\" srcset=\"https:\/\/www.greenmech.com.ro\/wp-content\/uploads\/2025\/09\/image-12-1024x645.png 1024w, https:\/\/www.greenmech.com.ro\/wp-content\/uploads\/2025\/09\/image-12-300x189.png 300w, https:\/\/www.greenmech.com.ro\/wp-content\/uploads\/2025\/09\/image-12-768x484.png 768w, https:\/\/www.greenmech.com.ro\/wp-content\/uploads\/2025\/09\/image-12.png 1038w\" sizes=\"auto, (max-width: 1024px) 100vw, 1024px\" \/><\/figure>\n","protected":false},"excerpt":{"rendered":"<p>Adev\u0103rata alternativ\u0103 pentru randament ridicat la costuri reduse Informa\u021bii extra Arborist 150P este deja cel mai v\u00e2ndut toc\u0103tor din Europa din clasa sa, \u00eens\u0103 prin echiparea cu un motor pe benzin\u0103 Vanguard cu r\u0103cire pe aer, 40 CP, cu doi cilindri, GreenMech poate oferi acum o performan\u021b\u0103 apropiat\u0103 de cea a modelului Arborist 150P cu [&hellip;]<\/p>\n","protected":false},"author":1,"featured_media":0,"parent":0,"menu_order":0,"comment_status":"closed","ping_status":"closed","template":"","meta":{"footnotes":""},"class_list":["post-40","page","type-page","status-publish","hentry"],"aioseo_notices":[],"_links":{"self":[{"href":"https:\/\/www.greenmech.com.ro\/index.php\/wp-json\/wp\/v2\/pages\/40","targetHints":{"allow":["GET"]}}],"collection":[{"href":"https:\/\/www.greenmech.com.ro\/index.php\/wp-json\/wp\/v2\/pages"}],"about":[{"href":"https:\/\/www.greenmech.com.ro\/index.php\/wp-json\/wp\/v2\/types\/page"}],"author":[{"embeddable":true,"href":"https:\/\/www.greenmech.com.ro\/index.php\/wp-json\/wp\/v2\/users\/1"}],"replies":[{"embeddable":true,"href":"https:\/\/www.greenmech.com.ro\/index.php\/wp-json\/wp\/v2\/comments?post=40"}],"version-history":[{"count":8,"href":"https:\/\/www.greenmech.com.ro\/index.php\/wp-json\/wp\/v2\/pages\/40\/revisions"}],"predecessor-version":[{"id":189,"href":"https:\/\/www.greenmech.com.ro\/index.php\/wp-json\/wp\/v2\/pages\/40\/revisions\/189"}],"wp:attachment":[{"href":"https:\/\/www.greenmech.com.ro\/index.php\/wp-json\/wp\/v2\/media?parent=40"}],"curies":[{"name":"wp","href":"https:\/\/api.w.org\/{rel}","templated":true}]}}