{"id":33,"date":"2025-09-16T08:45:41","date_gmt":"2025-09-16T08:45:41","guid":{"rendered":"http:\/\/www.greenmech.com.ro\/?page_id=33"},"modified":"2025-09-22T08:58:05","modified_gmt":"2025-09-22T08:58:05","slug":"arborist-150-max","status":"publish","type":"page","link":"https:\/\/www.greenmech.com.ro\/index.php\/arborist-150-max\/","title":{"rendered":"GreenMech Arborist 150 MAX"},"content":{"rendered":"\n<h3 class=\"wp-block-heading\">Tocatorul zilnic care are tot ce-\u021bi trebuie<\/h3>\n\n\n\n<div class=\"wp-block-group is-layout-constrained wp-block-group-is-layout-constrained\">\n<div class=\"wp-block-columns is-layout-flex wp-container-core-columns-is-layout-28f84493 wp-block-columns-is-layout-flex\">\n<div class=\"wp-block-column is-layout-flow wp-block-column-is-layout-flow\"><\/div>\n\n\n\n<div class=\"wp-block-column is-layout-flow wp-block-column-is-layout-flow\"><\/div>\n<\/div>\n<\/div>\n\n\n\n<div class=\"wp-block-group is-content-justification-right is-layout-constrained wp-container-core-group-is-layout-f1f2ed93 wp-block-group-is-layout-constrained\">\n<figure class=\"wp-block-image size-full is-resized\"><img loading=\"lazy\" decoding=\"async\" width=\"903\" height=\"586\" src=\"https:\/\/www.greenmech.com.ro\/wp-content\/uploads\/2025\/09\/image-50.png\" alt=\"\" class=\"wp-image-164\" style=\"width:734px;height:auto\" srcset=\"https:\/\/www.greenmech.com.ro\/wp-content\/uploads\/2025\/09\/image-50.png 903w, https:\/\/www.greenmech.com.ro\/wp-content\/uploads\/2025\/09\/image-50-300x195.png 300w, https:\/\/www.greenmech.com.ro\/wp-content\/uploads\/2025\/09\/image-50-768x498.png 768w\" sizes=\"auto, (max-width: 903px) 100vw, 903px\" \/><\/figure>\n<\/div>\n\n\n\n<div class=\"wp-block-buttons is-layout-flex wp-block-buttons-is-layout-flex\">\n<div class=\"wp-block-button\"><a class=\"wp-block-button__link wp-element-button\" href=\"tel: +40744671621\">Cere\u021bi detalii<\/a><\/div>\n\n\n\n<div class=\"wp-block-button\"><a class=\"wp-block-button__link wp-element-button\" href=\"mailto:office@greenmech.com.ro\">Cere\u021bi ofert\u0103<\/a><\/div>\n<\/div>\n\n\n\n<h5 class=\"wp-block-heading\"><strong>Capacitate de 6&#8243; \/ 150 mm<\/strong><\/h5>\n\n\n\n<h5 class=\"wp-block-heading\"><strong>Motor diesel Kubota<\/strong><\/h5>\n\n\n\n<h5 class=\"wp-block-heading\"><strong>Bunc\u0103r de alimentare generos<\/strong><\/h5>\n\n\n\n<h5 class=\"wp-block-heading\"><strong>Sistem de alimentare \u201eNo-Stress\u201d<\/strong><\/h5>\n\n\n\n<h5 class=\"wp-block-heading\"><strong>Sistem cu discuri-t\u0103ietoare<\/strong><\/h5>\n\n\n\n<h5 class=\"wp-block-heading\"><strong>Role de alimentare ac\u021bionate hidraulic<\/strong><\/h5>\n\n\n\n<div style=\"height:35px\" aria-hidden=\"true\" class=\"wp-block-spacer\"><\/div>\n\n\n\n<h3 class=\"wp-block-heading\">Informa\u021bii extra<\/h3>\n\n\n\n<p>\u00cen categoria sa, acesta este probabil cel mai de succes \u0219i cel mai c\u0103utat toc\u0103tor de crengi de 150 mm (6 inch) de pe pia\u021b\u0103. Echipat cu un motor diesel Kubota de 25 CP, acest utilaj a stabilit standardele \u00een ceea ce prive\u0219te silen\u021biozitatea \u00een func\u021bionare, durabilitatea \u0219i performan\u021ba.<\/p>\n\n\n\n<div style=\"height:19px\" aria-hidden=\"true\" class=\"wp-block-spacer\"><\/div>\n\n\n\n<h3 class=\"wp-block-heading\">Caracteristici principale<\/h3>\n\n\n\n<p><strong>SISTEM DE ALIMENTARE \u201eNO-STRESS\u201d<\/strong><br>Sistemul de alimentare No-Stress, controlat electronic, inverseaz\u0103 rolele de alimentare pentru a reduce solicitarea asupra lamelor toc\u0103torului, permi\u021b\u00e2nd rotorului s\u0103-\u0219i recapete rapid viteza \u0219i cresc\u00e2nd astfel productivitatea.<\/p>\n\n\n\n<p><strong>BAR\u0102 DE TRAC\u021aIUNE REGLABIL\u0102<\/strong><br>Ajut\u0103 la potrivirea vehiculului cu toc\u0103torul, men\u021bin\u00e2nd \u00een acela\u0219i timp \u00een\u0103l\u021bimea minim\u0103 a mesei de alimentare de 600 mm.<\/p>\n\n\n\n<p><strong>JGHEAB DE ALIMENTARE RABATABIL<\/strong><br>Ofer\u0103 vizibilitate bun\u0103 a pl\u0103cu\u021bei de semnalizare \u00een timpul transportului \u0219i reduce lungimea total\u0103 pentru o depozitare mai u\u0219oar\u0103.<\/p>\n\n\n\n<p><strong>JGHEAB DE ALIMENTARE L\u0102RGIT<\/strong><br>Un bunc\u0103r generos de 970 mm x 790 mm care faciliteaz\u0103 introducerea materialului voluminos, combinat cu o deschidere tip \u201efante\u201d de 150 mm x 230 mm, permite alimentarea cu u\u0219urin\u021b\u0103 a crengilor groase \u0219i ramificate.<\/p>\n\n\n\n<p><strong>ROLE HIDRAULICE VERTICALE DUBLE<\/strong><br>Rolele hidraulice verticale duble zdrobesc eficient materialul lemnos, reduc\u00e2nd la minimum mi\u0219carea lateral\u0103.<\/p>\n\n\n\n<p><strong>115 DB PUTERE \/ 92 DB PRESIUNE<\/strong><br>Capota din o\u021bel rabatabil\u0103 este prev\u0103zut\u0103 cu material fonoabsorbant care, \u00eempreun\u0103 cu sistemul de lame cu disc, asigur\u0103 un nivel redus de zgomot.<\/p>\n\n\n\n<div class=\"wp-block-columns is-layout-flex wp-container-core-columns-is-layout-28f84493 wp-block-columns-is-layout-flex\">\n<div class=\"wp-block-column is-layout-flow wp-block-column-is-layout-flow\"><\/div>\n\n\n\n<div class=\"wp-block-column is-layout-flow wp-block-column-is-layout-flow\"><\/div>\n<\/div>\n","protected":false},"excerpt":{"rendered":"<p>Tocatorul zilnic care are tot ce-\u021bi trebuie Capacitate de 6&#8243; \/ 150 mm Motor diesel Kubota Bunc\u0103r de alimentare generos Sistem de alimentare \u201eNo-Stress\u201d Sistem cu discuri-t\u0103ietoare Role de alimentare ac\u021bionate hidraulic Informa\u021bii extra \u00cen categoria sa, acesta este probabil cel mai de succes \u0219i cel mai c\u0103utat toc\u0103tor de crengi de 150 mm (6 [&hellip;]<\/p>\n","protected":false},"author":1,"featured_media":0,"parent":0,"menu_order":0,"comment_status":"closed","ping_status":"closed","template":"","meta":{"footnotes":""},"class_list":["post-33","page","type-page","status-publish","hentry"],"aioseo_notices":[],"_links":{"self":[{"href":"https:\/\/www.greenmech.com.ro\/index.php\/wp-json\/wp\/v2\/pages\/33","targetHints":{"allow":["GET"]}}],"collection":[{"href":"https:\/\/www.greenmech.com.ro\/index.php\/wp-json\/wp\/v2\/pages"}],"about":[{"href":"https:\/\/www.greenmech.com.ro\/index.php\/wp-json\/wp\/v2\/types\/page"}],"author":[{"embeddable":true,"href":"https:\/\/www.greenmech.com.ro\/index.php\/wp-json\/wp\/v2\/users\/1"}],"replies":[{"embeddable":true,"href":"https:\/\/www.greenmech.com.ro\/index.php\/wp-json\/wp\/v2\/comments?post=33"}],"version-history":[{"count":8,"href":"https:\/\/www.greenmech.com.ro\/index.php\/wp-json\/wp\/v2\/pages\/33\/revisions"}],"predecessor-version":[{"id":188,"href":"https:\/\/www.greenmech.com.ro\/index.php\/wp-json\/wp\/v2\/pages\/33\/revisions\/188"}],"wp:attachment":[{"href":"https:\/\/www.greenmech.com.ro\/index.php\/wp-json\/wp\/v2\/media?parent=33"}],"curies":[{"name":"wp","href":"https:\/\/api.w.org\/{rel}","templated":true}]}}