{"id":270,"date":"2025-09-30T11:34:23","date_gmt":"2025-09-30T11:34:23","guid":{"rendered":"https:\/\/www.greenmech.com.ro\/?page_id=270"},"modified":"2025-09-30T11:37:17","modified_gmt":"2025-09-30T11:37:17","slug":"gama-de-tocatoare-greenmech-tractor-mounted","status":"publish","type":"page","link":"https:\/\/www.greenmech.com.ro\/index.php\/gama-de-tocatoare-greenmech-tractor-mounted\/","title":{"rendered":"Gama de toc\u0103toare GreenMech Tractor Mounted"},"content":{"rendered":"\n<div class=\"wp-block-columns is-layout-flex wp-container-core-columns-is-layout-28f84493 wp-block-columns-is-layout-flex\">\n<div class=\"wp-block-column is-layout-flow wp-block-column-is-layout-flow\">\n<div class=\"wp-block-group is-layout-constrained wp-block-group-is-layout-constrained\">\n<figure class=\"wp-block-image size-full is-resized\"><img loading=\"lazy\" decoding=\"async\" width=\"576\" height=\"461\" src=\"https:\/\/www.greenmech.com.ro\/wp-content\/uploads\/2025\/09\/image-48.png\" alt=\"\" class=\"wp-image-141\" style=\"width:452px;height:auto\" srcset=\"https:\/\/www.greenmech.com.ro\/wp-content\/uploads\/2025\/09\/image-48.png 576w, https:\/\/www.greenmech.com.ro\/wp-content\/uploads\/2025\/09\/image-48-300x240.png 300w\" sizes=\"auto, (max-width: 576px) 100vw, 576px\" \/><\/figure>\n<\/div>\n<\/div>\n\n\n\n<div class=\"wp-block-column is-layout-flow wp-block-column-is-layout-flow\">\n<h3 class=\"wp-block-heading\">Toc\u0103tor GreenMech ChipMaster 220 TMP<\/h3>\n\n\n\n<p>Dac\u0103 dispune\u021bi de un tractor cu o putere de p\u00e2n\u0103 la 80 CP \u0219i dori\u021bi s\u0103 ob\u021bine\u021bi un randament maxim la tocare cu o investi\u021bie minim\u0103, atunci merit\u0103 s\u0103 analiza\u021bi cu aten\u021bie modelul ChipMaster 220 TMP.<\/p>\n\n\n\n<div class=\"wp-block-buttons is-layout-flex wp-block-buttons-is-layout-flex\">\n<div class=\"wp-block-button\"><a class=\"wp-block-button__link wp-element-button\" href=\"https:\/\/www.greenmech.com.ro\/index.php\/tocatorul-greenmech-chipmaster-220-tmp\/\">Vizualiza\u021bi model<\/a><\/div>\n<\/div>\n<\/div>\n<\/div>\n\n\n\n<div style=\"height:43px\" aria-hidden=\"true\" class=\"wp-block-spacer\"><\/div>\n\n\n\n<div class=\"wp-block-group is-layout-constrained wp-block-group-is-layout-constrained\">\n<div class=\"wp-block-columns is-layout-flex wp-container-core-columns-is-layout-28f84493 wp-block-columns-is-layout-flex\">\n<div class=\"wp-block-column is-layout-flow wp-block-column-is-layout-flow\">\n<figure class=\"wp-block-image size-full is-resized\"><img loading=\"lazy\" decoding=\"async\" width=\"586\" height=\"493\" src=\"https:\/\/www.greenmech.com.ro\/wp-content\/uploads\/2025\/09\/image-49.png\" alt=\"\" class=\"wp-image-142\" style=\"width:455px;height:auto\" srcset=\"https:\/\/www.greenmech.com.ro\/wp-content\/uploads\/2025\/09\/image-49.png 586w, https:\/\/www.greenmech.com.ro\/wp-content\/uploads\/2025\/09\/image-49-300x252.png 300w\" sizes=\"auto, (max-width: 586px) 100vw, 586px\" \/><\/figure>\n<\/div>\n\n\n\n<div class=\"wp-block-column is-layout-flow wp-block-column-is-layout-flow\">\n<h3 class=\"wp-block-heading\">Toc\u0103torul GreenMech ECO 150 TMP<\/h3>\n\n\n\n<p>Modelul <strong>ECO 150 TMP<\/strong> este un utilaj montat \u00een <strong>trei puncte<\/strong> (three-point linkage), ac\u021bionat prin <strong>priza de putere (PTO)<\/strong> a tractorului compact.<\/p>\n\n\n\n<div class=\"wp-block-buttons is-layout-flex wp-block-buttons-is-layout-flex\">\n<div class=\"wp-block-button\"><a class=\"wp-block-button__link wp-element-button\" href=\"https:\/\/www.greenmech.com.ro\/index.php\/gama-de-tocatoare-greenmech-tractor-mounted\/\">Vizualiza\u021bi model<\/a><\/div>\n<\/div>\n<\/div>\n<\/div>\n<\/div>\n\n\n\n<p><\/p>\n","protected":false},"excerpt":{"rendered":"<p>Toc\u0103tor GreenMech ChipMaster 220 TMP Dac\u0103 dispune\u021bi de un tractor cu o putere de p\u00e2n\u0103 la 80 CP \u0219i dori\u021bi s\u0103 ob\u021bine\u021bi un randament maxim la tocare cu o investi\u021bie minim\u0103, atunci merit\u0103 s\u0103 analiza\u021bi cu aten\u021bie modelul ChipMaster 220 TMP. Toc\u0103torul GreenMech ECO 150 TMP Modelul ECO 150 TMP este un utilaj montat \u00een [&hellip;]<\/p>\n","protected":false},"author":1,"featured_media":0,"parent":0,"menu_order":0,"comment_status":"closed","ping_status":"closed","template":"","meta":{"footnotes":""},"class_list":["post-270","page","type-page","status-publish","hentry"],"aioseo_notices":[],"_links":{"self":[{"href":"https:\/\/www.greenmech.com.ro\/index.php\/wp-json\/wp\/v2\/pages\/270","targetHints":{"allow":["GET"]}}],"collection":[{"href":"https:\/\/www.greenmech.com.ro\/index.php\/wp-json\/wp\/v2\/pages"}],"about":[{"href":"https:\/\/www.greenmech.com.ro\/index.php\/wp-json\/wp\/v2\/types\/page"}],"author":[{"embeddable":true,"href":"https:\/\/www.greenmech.com.ro\/index.php\/wp-json\/wp\/v2\/users\/1"}],"replies":[{"embeddable":true,"href":"https:\/\/www.greenmech.com.ro\/index.php\/wp-json\/wp\/v2\/comments?post=270"}],"version-history":[{"count":5,"href":"https:\/\/www.greenmech.com.ro\/index.php\/wp-json\/wp\/v2\/pages\/270\/revisions"}],"predecessor-version":[{"id":276,"href":"https:\/\/www.greenmech.com.ro\/index.php\/wp-json\/wp\/v2\/pages\/270\/revisions\/276"}],"wp:attachment":[{"href":"https:\/\/www.greenmech.com.ro\/index.php\/wp-json\/wp\/v2\/media?parent=270"}],"curies":[{"name":"wp","href":"https:\/\/api.w.org\/{rel}","templated":true}]}}