{"id":256,"date":"2025-09-25T13:29:21","date_gmt":"2025-09-25T13:29:21","guid":{"rendered":"https:\/\/www.greenmech.com.ro\/?page_id=256"},"modified":"2025-09-25T13:29:21","modified_gmt":"2025-09-25T13:29:21","slug":"tocatorul-greenmech-evo-205dt","status":"publish","type":"page","link":"https:\/\/www.greenmech.com.ro\/index.php\/tocatorul-greenmech-evo-205dt\/","title":{"rendered":"Toc\u0103torul GreenMech EVO 205DT"},"content":{"rendered":"\n<h3 class=\"wp-block-heading\"><strong>Fratele mare al seriei EVO, acum pe \u0219enile!<\/strong><br><\/h3>\n\n\n\n<figure class=\"wp-block-image size-full\"><img loading=\"lazy\" decoding=\"async\" width=\"537\" height=\"441\" src=\"https:\/\/www.greenmech.com.ro\/wp-content\/uploads\/2025\/09\/image-77.png\" alt=\"\" class=\"wp-image-257\" srcset=\"https:\/\/www.greenmech.com.ro\/wp-content\/uploads\/2025\/09\/image-77.png 537w, https:\/\/www.greenmech.com.ro\/wp-content\/uploads\/2025\/09\/image-77-300x246.png 300w\" sizes=\"auto, (max-width: 537px) 100vw, 537px\" \/><\/figure>\n\n\n\n<h4 class=\"wp-block-heading\"><strong>\u0218I mai mult cuplu agresiv<\/strong><\/h4>\n\n\n\n<h4 class=\"wp-block-heading\"><strong>\u0218I mai mult\u0103 for\u021b\u0103 <\/strong><\/h4>\n\n\n\n<h4 class=\"wp-block-heading\"><strong>\u0218I mai mult randament<\/strong><\/h4>\n\n\n\n<h4 class=\"wp-block-heading\"><strong>\u0218enile fixe<\/strong><\/h4>\n\n\n\n<h4 class=\"wp-block-heading\"><strong>Controller Smart Sense<\/strong><\/h4>\n\n\n\n<h4 class=\"wp-block-heading\"><strong>Gard\u0103 la sol de 260 mm<\/strong><\/h4>\n\n\n\n<h3 class=\"wp-block-heading\"><strong>Informa\u021bii extra<\/strong><\/h3>\n\n\n\n<p>Modelul <strong>EVO 205DT<\/strong> beneficiaz\u0103 de sistemul fix de \u0219enile testat \u0219i dovedit de <strong>GreenMech<\/strong>, oferind o gard\u0103 la sol de <strong>260 mm<\/strong>. Fiecare \u0219enil\u0103 are propriul motor de ac\u021bionare, asigur\u00e2nd o vitez\u0103 de deplasare de <strong>3 km\/h<\/strong>, iar comutatorul \u201eTrack or Chip\u201d \u0219i platforma rabatabil\u0103 ofer\u0103 <strong>siguran\u021b\u0103 \u0219i confort maxim operatorului<\/strong>.<\/p>\n\n\n\n<figure class=\"wp-block-image size-large is-resized\"><img loading=\"lazy\" decoding=\"async\" width=\"1024\" height=\"698\" src=\"https:\/\/www.greenmech.com.ro\/wp-content\/uploads\/2025\/09\/image-78-1024x698.png\" alt=\"\" class=\"wp-image-258\" style=\"width:816px;height:auto\" srcset=\"https:\/\/www.greenmech.com.ro\/wp-content\/uploads\/2025\/09\/image-78-1024x698.png 1024w, https:\/\/www.greenmech.com.ro\/wp-content\/uploads\/2025\/09\/image-78-300x205.png 300w, https:\/\/www.greenmech.com.ro\/wp-content\/uploads\/2025\/09\/image-78-768x524.png 768w, https:\/\/www.greenmech.com.ro\/wp-content\/uploads\/2025\/09\/image-78.png 1103w\" sizes=\"auto, (max-width: 1024px) 100vw, 1024px\" \/><\/figure>\n\n\n\n<div class=\"wp-block-columns is-layout-flex wp-container-core-columns-is-layout-28f84493 wp-block-columns-is-layout-flex\">\n<div class=\"wp-block-column is-layout-flow wp-block-column-is-layout-flow\">\n<figure class=\"wp-block-image size-full\"><img loading=\"lazy\" decoding=\"async\" width=\"972\" height=\"649\" src=\"https:\/\/www.greenmech.com.ro\/wp-content\/uploads\/2025\/09\/image-79.png\" alt=\"\" class=\"wp-image-259\" srcset=\"https:\/\/www.greenmech.com.ro\/wp-content\/uploads\/2025\/09\/image-79.png 972w, https:\/\/www.greenmech.com.ro\/wp-content\/uploads\/2025\/09\/image-79-300x200.png 300w, https:\/\/www.greenmech.com.ro\/wp-content\/uploads\/2025\/09\/image-79-768x513.png 768w\" sizes=\"auto, (max-width: 972px) 100vw, 972px\" \/><\/figure>\n<\/div>\n\n\n\n<div class=\"wp-block-column is-layout-flow wp-block-column-is-layout-flow\">\n<figure class=\"wp-block-image size-full\"><img loading=\"lazy\" decoding=\"async\" width=\"878\" height=\"590\" src=\"https:\/\/www.greenmech.com.ro\/wp-content\/uploads\/2025\/09\/image-80.png\" alt=\"\" class=\"wp-image-260\" srcset=\"https:\/\/www.greenmech.com.ro\/wp-content\/uploads\/2025\/09\/image-80.png 878w, https:\/\/www.greenmech.com.ro\/wp-content\/uploads\/2025\/09\/image-80-300x202.png 300w, https:\/\/www.greenmech.com.ro\/wp-content\/uploads\/2025\/09\/image-80-768x516.png 768w\" sizes=\"auto, (max-width: 878px) 100vw, 878px\" \/><\/figure>\n<\/div>\n<\/div>\n\n\n\n<h2 class=\"wp-block-heading\">Caracteristici principale<\/h2>\n\n\n\n<h3 class=\"wp-block-heading\"><strong>Noul controller \u201eSMART SENSE\u201d<\/strong><\/h3>\n\n\n\n<p>Ofer\u0103 protec\u021bie \u201eno-stress\u201d \u00eempotriva suprasarcinii, detectare automat\u0103 a \u00eenc\u0103rc\u0103rii \u0219i o gam\u0103 de date despre motor \u0219i toc\u0103tor pentru performan\u021b\u0103 optim\u0103.<\/p>\n\n\n\n<h3 class=\"wp-block-heading\"><strong>Sistem fix de \u0219enile<\/strong><\/h3>\n\n\n\n<p>Asigur\u0103 manevrabilitate \u0219i stabilitate optim\u0103 pe teren accidentat.<\/p>\n\n\n\n<h3 class=\"wp-block-heading\"><strong>Gard\u0103 la sol<\/strong><\/h3>\n\n\n\n<p>O gard\u0103 de <strong>260 mm<\/strong> faciliteaz\u0103 accesul pe terenuri dificile.<\/p>\n\n\n\n<h3 class=\"wp-block-heading\"><strong>Track or Chip<\/strong><\/h3>\n\n\n\n<p>Comutatorul de pe consol\u0103 garanteaz\u0103 c\u0103 utilajul func\u021bioneaz\u0103 fie \u00een regim de deplasare, fie de tocare, minimiz\u00e2nd riscul unei ac\u021bion\u0103ri accidentale.<\/p>\n\n\n\n<h3 class=\"wp-block-heading\"><strong>Role orizontale<\/strong><\/h3>\n\n\n\n<p>Adun\u0103 \u0219i fixeaz\u0103 materialul, asigur\u00e2nd un flux uniform c\u0103tre procesor \u0219i reduc\u00e2nd mi\u0219carea lateral\u0103.<\/p>\n\n\n\n<h3 class=\"wp-block-heading\"><strong>Transmisie cu \u0219enile duble<\/strong><\/h3>\n\n\n\n<p>Fiecare \u0219enil\u0103 are propriul motor pentru siguran\u021b\u0103 \u0219i fiabilitate sporite, iar \u00eempreun\u0103 ofer\u0103 o vitez\u0103 de deplasare de <strong>3 km\/h<\/strong>.<\/p>\n","protected":false},"excerpt":{"rendered":"<p>Fratele mare al seriei EVO, acum pe \u0219enile! \u0218I mai mult cuplu agresiv \u0218I mai mult\u0103 for\u021b\u0103 \u0218I mai mult randament \u0218enile fixe Controller Smart Sense Gard\u0103 la sol de 260 mm Informa\u021bii extra Modelul EVO 205DT beneficiaz\u0103 de sistemul fix de \u0219enile testat \u0219i dovedit de GreenMech, oferind o gard\u0103 la sol de 260 [&hellip;]<\/p>\n","protected":false},"author":1,"featured_media":0,"parent":0,"menu_order":0,"comment_status":"closed","ping_status":"closed","template":"","meta":{"footnotes":""},"class_list":["post-256","page","type-page","status-publish","hentry"],"aioseo_notices":[],"_links":{"self":[{"href":"https:\/\/www.greenmech.com.ro\/index.php\/wp-json\/wp\/v2\/pages\/256","targetHints":{"allow":["GET"]}}],"collection":[{"href":"https:\/\/www.greenmech.com.ro\/index.php\/wp-json\/wp\/v2\/pages"}],"about":[{"href":"https:\/\/www.greenmech.com.ro\/index.php\/wp-json\/wp\/v2\/types\/page"}],"author":[{"embeddable":true,"href":"https:\/\/www.greenmech.com.ro\/index.php\/wp-json\/wp\/v2\/users\/1"}],"replies":[{"embeddable":true,"href":"https:\/\/www.greenmech.com.ro\/index.php\/wp-json\/wp\/v2\/comments?post=256"}],"version-history":[{"count":1,"href":"https:\/\/www.greenmech.com.ro\/index.php\/wp-json\/wp\/v2\/pages\/256\/revisions"}],"predecessor-version":[{"id":261,"href":"https:\/\/www.greenmech.com.ro\/index.php\/wp-json\/wp\/v2\/pages\/256\/revisions\/261"}],"wp:attachment":[{"href":"https:\/\/www.greenmech.com.ro\/index.php\/wp-json\/wp\/v2\/media?parent=256"}],"curies":[{"name":"wp","href":"https:\/\/api.w.org\/{rel}","templated":true}]}}