{"id":25,"date":"2025-09-16T08:43:15","date_gmt":"2025-09-16T08:43:15","guid":{"rendered":"http:\/\/www.greenmech.com.ro\/?page_id=25"},"modified":"2025-09-23T13:00:23","modified_gmt":"2025-09-23T13:00:23","slug":"gama-greenmech-arborist","status":"publish","type":"page","link":"https:\/\/www.greenmech.com.ro\/index.php\/gama-greenmech-arborist\/","title":{"rendered":"Gama GreenMech ARBORIST"},"content":{"rendered":"\n<div class=\"wp-block-columns is-layout-flex wp-container-core-columns-is-layout-28f84493 wp-block-columns-is-layout-flex\">\n<div class=\"wp-block-column is-layout-flow wp-block-column-is-layout-flow\"><\/div>\n\n\n\n<div class=\"wp-block-column is-layout-flow wp-block-column-is-layout-flow\"><\/div>\n\n\n\n<div class=\"wp-block-column is-layout-flow wp-block-column-is-layout-flow\"><\/div>\n<\/div>\n\n\n\n<div class=\"wp-block-columns is-layout-flex wp-container-core-columns-is-layout-28f84493 wp-block-columns-is-layout-flex\">\n<div class=\"wp-block-column is-layout-flow wp-block-column-is-layout-flow\">\n<div class=\"wp-block-group is-layout-constrained wp-block-group-is-layout-constrained\">\n<figure class=\"wp-block-image size-full\"><img loading=\"lazy\" decoding=\"async\" width=\"486\" height=\"368\" src=\"https:\/\/www.greenmech.com.ro\/wp-content\/uploads\/2025\/09\/image-5.png\" alt=\"\" class=\"wp-image-27\" srcset=\"https:\/\/www.greenmech.com.ro\/wp-content\/uploads\/2025\/09\/image-5.png 486w, https:\/\/www.greenmech.com.ro\/wp-content\/uploads\/2025\/09\/image-5-300x227.png 300w\" sizes=\"auto, (max-width: 486px) 100vw, 486px\" \/><\/figure>\n<\/div>\n<\/div>\n\n\n\n<div class=\"wp-block-column is-layout-flow wp-block-column-is-layout-flow\">\n<h2 class=\"wp-block-heading\">GreenMech Arborist 130<\/h2>\n\n\n\n<hr class=\"wp-block-separator has-alpha-channel-opacity\"\/>\n\n\n\n<p>Pentru peisagi\u0219ti, contractori, arbori\u0219ti \u0219i companii de \u00eenchirieri care caut\u0103 un toc\u0103tor de lemn ce poate procesa cu u\u0219urin\u021b\u0103 p\u00e2n\u0103 la 150 mm (6 inci), GreenMech Arborist 130 este cel mai mic model din gama tractabil\u0103, dar ofer\u0103 o productivitate remarcabil de ridicat\u0103.<\/p>\n\n\n\n<div class=\"wp-block-group is-layout-constrained wp-block-group-is-layout-constrained\">\n<div class=\"wp-block-buttons is-layout-flex wp-block-buttons-is-layout-flex\">\n<div class=\"wp-block-button\"><a class=\"wp-block-button__link wp-element-button\" href=\"https:\/\/www.greenmech.com.ro\/index.php\/greenmech-arborist-130\/\">Pagina produs<\/a><\/div>\n<\/div>\n<\/div>\n<\/div>\n<\/div>\n\n\n\n<div class=\"wp-block-group is-nowrap is-layout-flex wp-container-core-group-is-layout-6c531013 wp-block-group-is-layout-flex\">\n<figure class=\"wp-block-image size-full is-resized\"><img loading=\"lazy\" decoding=\"async\" width=\"606\" height=\"482\" src=\"https:\/\/www.greenmech.com.ro\/wp-content\/uploads\/2025\/09\/image-42.png\" alt=\"\" class=\"wp-image-116\" style=\"width:484px;height:auto\" srcset=\"https:\/\/www.greenmech.com.ro\/wp-content\/uploads\/2025\/09\/image-42.png 606w, https:\/\/www.greenmech.com.ro\/wp-content\/uploads\/2025\/09\/image-42-300x239.png 300w\" sizes=\"auto, (max-width: 606px) 100vw, 606px\" \/><\/figure>\n\n\n\n<div class=\"wp-block-group is-layout-constrained wp-block-group-is-layout-constrained\">\n<div class=\"wp-block-group is-layout-constrained wp-block-group-is-layout-constrained\">\n<h2 class=\"wp-block-heading\">GreenMech Arborist 150P<\/h2>\n<\/div>\n\n\n\n<div class=\"wp-block-group is-layout-constrained wp-block-group-is-layout-constrained\">\n<div class=\"wp-block-group is-layout-constrained wp-block-group-is-layout-constrained\">\n<p>Aceast\u0103 toc\u0103toare de lemn de 150 mm (6 inch) este considerat\u0103 una dintre cele mai de succes \u0219i c\u0103utate din categoria sa. Echipat\u0103 cu un motor diesel Kubota de 25 CP, se remarc\u0103 prin func\u021bionare silen\u021bioas\u0103, durabilitate \u0219i performan\u021b\u0103 ridicat\u0103.<br><\/p>\n\n\n\n<div class=\"wp-block-buttons is-layout-flex wp-block-buttons-is-layout-flex\">\n<div class=\"wp-block-button\"><a class=\"wp-block-button__link wp-element-button\" href=\"https:\/\/www.greenmech.com.ro\/index.php\/arborist-150p\/\">Pagin\u0103 produs<\/a><\/div>\n<\/div>\n<\/div>\n<\/div>\n<\/div>\n<\/div>\n\n\n\n<div class=\"wp-block-group is-nowrap is-layout-flex wp-container-core-group-is-layout-6c531013 wp-block-group-is-layout-flex\">\n<figure class=\"wp-block-image size-full is-resized\"><img loading=\"lazy\" decoding=\"async\" width=\"570\" height=\"425\" src=\"https:\/\/www.greenmech.com.ro\/wp-content\/uploads\/2025\/09\/image-43.png\" alt=\"\" class=\"wp-image-117\" style=\"width:494px;height:auto\" srcset=\"https:\/\/www.greenmech.com.ro\/wp-content\/uploads\/2025\/09\/image-43.png 570w, https:\/\/www.greenmech.com.ro\/wp-content\/uploads\/2025\/09\/image-43-300x224.png 300w\" sizes=\"auto, (max-width: 570px) 100vw, 570px\" \/><\/figure>\n\n\n\n<div class=\"wp-block-group is-layout-constrained wp-block-group-is-layout-constrained\">\n<h2 class=\"wp-block-heading\">GreenMech Arbortist 150P<\/h2>\n\n\n\n<div class=\"wp-block-group is-layout-constrained wp-block-group-is-layout-constrained\">\n<p>Arborist 150P este cel mai v\u00e2ndut toc\u0103tor din Europa \u00een categoria sa. Cu motorul pe benzin\u0103 Vanguard de 40 CP, r\u0103cit cu aer, ofer\u0103 performan\u021be apropiate de varianta diesel, dar la un cost mult mai redus.<\/p>\n\n\n\n<div class=\"wp-block-buttons is-layout-flex wp-block-buttons-is-layout-flex\">\n<div class=\"wp-block-button\"><a class=\"wp-block-button__link wp-element-button\" href=\"https:\/\/www.greenmech.com.ro\/index.php\/arborist-150-max\/\">Pagin\u0103 produs<\/a><\/div>\n<\/div>\n<\/div>\n<\/div>\n<\/div>\n","protected":false},"excerpt":{"rendered":"<p>GreenMech Arborist 130 Pentru peisagi\u0219ti, contractori, arbori\u0219ti \u0219i companii de \u00eenchirieri care caut\u0103 un toc\u0103tor de lemn ce poate procesa cu u\u0219urin\u021b\u0103 p\u00e2n\u0103 la 150 mm (6 inci), GreenMech Arborist 130 este cel mai mic model din gama tractabil\u0103, dar ofer\u0103 o productivitate remarcabil de ridicat\u0103. GreenMech Arborist 150P Aceast\u0103 toc\u0103toare de lemn de 150 [&hellip;]<\/p>\n","protected":false},"author":1,"featured_media":0,"parent":0,"menu_order":0,"comment_status":"closed","ping_status":"closed","template":"","meta":{"footnotes":""},"class_list":["post-25","page","type-page","status-publish","hentry"],"aioseo_notices":[],"_links":{"self":[{"href":"https:\/\/www.greenmech.com.ro\/index.php\/wp-json\/wp\/v2\/pages\/25","targetHints":{"allow":["GET"]}}],"collection":[{"href":"https:\/\/www.greenmech.com.ro\/index.php\/wp-json\/wp\/v2\/pages"}],"about":[{"href":"https:\/\/www.greenmech.com.ro\/index.php\/wp-json\/wp\/v2\/types\/page"}],"author":[{"embeddable":true,"href":"https:\/\/www.greenmech.com.ro\/index.php\/wp-json\/wp\/v2\/users\/1"}],"replies":[{"embeddable":true,"href":"https:\/\/www.greenmech.com.ro\/index.php\/wp-json\/wp\/v2\/comments?post=25"}],"version-history":[{"count":10,"href":"https:\/\/www.greenmech.com.ro\/index.php\/wp-json\/wp\/v2\/pages\/25\/revisions"}],"predecessor-version":[{"id":207,"href":"https:\/\/www.greenmech.com.ro\/index.php\/wp-json\/wp\/v2\/pages\/25\/revisions\/207"}],"wp:attachment":[{"href":"https:\/\/www.greenmech.com.ro\/index.php\/wp-json\/wp\/v2\/media?parent=25"}],"curies":[{"name":"wp","href":"https:\/\/api.w.org\/{rel}","templated":true}]}}