{"id":242,"date":"2025-09-25T12:57:08","date_gmt":"2025-09-25T12:57:08","guid":{"rendered":"https:\/\/www.greenmech.com.ro\/?page_id=242"},"modified":"2025-09-25T12:57:08","modified_gmt":"2025-09-25T12:57:08","slug":"tocatorul-greenmech-chipmaster-220-tmp","status":"publish","type":"page","link":"https:\/\/www.greenmech.com.ro\/index.php\/tocatorul-greenmech-chipmaster-220-tmp\/","title":{"rendered":"Toc\u0103torul GreenMech Chipmaster 220 TMP"},"content":{"rendered":"\n<h3 class=\"wp-block-heading\">Elibereaz\u0103 caii putere (wind up the horsepower! nush cum sa traduc aici)<\/h3>\n\n\n\n<figure class=\"wp-block-image size-full is-resized\"><img loading=\"lazy\" decoding=\"async\" width=\"595\" height=\"469\" src=\"https:\/\/www.greenmech.com.ro\/wp-content\/uploads\/2025\/09\/image-72.png\" alt=\"\" class=\"wp-image-243\" style=\"width:583px;height:auto\" srcset=\"https:\/\/www.greenmech.com.ro\/wp-content\/uploads\/2025\/09\/image-72.png 595w, https:\/\/www.greenmech.com.ro\/wp-content\/uploads\/2025\/09\/image-72-300x236.png 300w\" sizes=\"auto, (max-width: 595px) 100vw, 595px\" \/><\/figure>\n\n\n\n<div class=\"wp-block-group is-vertical is-layout-flex wp-container-core-group-is-layout-fe9cc265 wp-block-group-is-layout-flex\">\n<h4 class=\"wp-block-heading\">Tractoare de p\u00e2n\u0103 la 80 CP<\/h4>\n<\/div>\n\n\n\n<h4 class=\"wp-block-heading\">Capacitate 9&#8243; \/ 220 mm<\/h4>\n\n\n\n<h4 class=\"wp-block-heading\">Sistem de alimentare No-Stress<\/h4>\n\n\n\n<h4 class=\"wp-block-heading\">Sistem cu disc-lam\u0103<\/h4>\n\n\n\n<h4 class=\"wp-block-heading\">Ac\u021bionat prin axa PTO a tractorului<\/h4>\n\n\n\n<p><\/p>\n\n\n\n<p>Dac\u0103 dispui de un tractor de p\u00e2n\u0103 la <strong>80 CP<\/strong> \u0219i vrei s\u0103 ob\u021bii <strong>maxim de randament la tocare cu investi\u021bie minim\u0103<\/strong>, atunci <strong>ChipMaster 220 TMP<\/strong> merit\u0103 cu siguran\u021b\u0103 aten\u021bia ta.<\/p>\n\n\n\n<h2 class=\"wp-block-heading\">Caracteristici principale<\/h2>\n\n\n\n<h3 class=\"wp-block-heading\">SISTEM DE ALIMENTARE NO-STRESS<\/h3>\n\n\n\n<p>Sistemul de alimentare controlat electronic <strong>No-Stress<\/strong> inverseaz\u0103 rolele pentru a reduce presiunea asupra lamelor toc\u0103torului, permi\u021b\u00e2nd rotorului s\u0103 \u00ee\u0219i recapete rapid tura\u021bia \u0219i astfel s\u0103 creasc\u0103 randamentul.<\/p>\n\n\n\n<h3 class=\"wp-block-heading\">ALIMENTARE PRIN TRACTOR<\/h3>\n\n\n\n<p>Se monteaz\u0103 pe sistemul de prindere \u00een 3 puncte al tractoarelor de <strong>60\u201380 CP<\/strong> \u0219i este alimentat de <strong>axa PTO<\/strong> a tractorului.<\/p>\n\n\n\n<h3 class=\"wp-block-heading\">REZERVOR DE ULEI DEDICAT<\/h3>\n\n\n\n<p>Dispune de propriul rezervor de ulei, nefiind dependent de sistemul hidraulic al tractorului. Necesit\u0103 \u00eens\u0103 alimentare electric\u0103 de <strong>12 V<\/strong> pentru func\u021bionarea sistemului No-Stress.<\/p>\n\n\n\n<h3 class=\"wp-block-heading\">JGHEAB DE ALIMENTARE LAT<\/h3>\n\n\n\n<p>Reduce timpul de t\u0103iere cu fer\u0103str\u0103ul \u0219i previne declan\u0219area accidental\u0103 a barei de siguran\u021b\u0103 la introducerea ramurilor groase.<\/p>\n\n\n\n<h3 class=\"wp-block-heading\">ROLE ORIZONTALE<\/h3>\n\n\n\n<p>Adun\u0103 \u0219i fixeaz\u0103 materialul, asigur\u00e2nd un flux uniform c\u0103tre procesor \u0219i reduc\u00e2nd mi\u0219carea lateral\u0103.<\/p>\n\n\n\n<h3 class=\"wp-block-heading\">SISTEM CU DISC-LAM\u0102<\/h3>\n\n\n\n<p>Sistemul de tocare cu disc-lam\u0103 asigur\u0103 o <strong>calitate constant\u0103 a lemnului tocat<\/strong> \u0219i poate reduce volumul cu p\u00e2n\u0103 la <strong>7 tone de de\u0219euri verzi curate pe or\u0103<\/strong>.<\/p>\n","protected":false},"excerpt":{"rendered":"<p>Elibereaz\u0103 caii putere (wind up the horsepower! nush cum sa traduc aici) Tractoare de p\u00e2n\u0103 la 80 CP Capacitate 9&#8243; \/ 220 mm Sistem de alimentare No-Stress Sistem cu disc-lam\u0103 Ac\u021bionat prin axa PTO a tractorului Dac\u0103 dispui de un tractor de p\u00e2n\u0103 la 80 CP \u0219i vrei s\u0103 ob\u021bii maxim de randament la tocare [&hellip;]<\/p>\n","protected":false},"author":1,"featured_media":0,"parent":0,"menu_order":0,"comment_status":"closed","ping_status":"closed","template":"","meta":{"footnotes":""},"class_list":["post-242","page","type-page","status-publish","hentry"],"aioseo_notices":[],"_links":{"self":[{"href":"https:\/\/www.greenmech.com.ro\/index.php\/wp-json\/wp\/v2\/pages\/242","targetHints":{"allow":["GET"]}}],"collection":[{"href":"https:\/\/www.greenmech.com.ro\/index.php\/wp-json\/wp\/v2\/pages"}],"about":[{"href":"https:\/\/www.greenmech.com.ro\/index.php\/wp-json\/wp\/v2\/types\/page"}],"author":[{"embeddable":true,"href":"https:\/\/www.greenmech.com.ro\/index.php\/wp-json\/wp\/v2\/users\/1"}],"replies":[{"embeddable":true,"href":"https:\/\/www.greenmech.com.ro\/index.php\/wp-json\/wp\/v2\/comments?post=242"}],"version-history":[{"count":1,"href":"https:\/\/www.greenmech.com.ro\/index.php\/wp-json\/wp\/v2\/pages\/242\/revisions"}],"predecessor-version":[{"id":244,"href":"https:\/\/www.greenmech.com.ro\/index.php\/wp-json\/wp\/v2\/pages\/242\/revisions\/244"}],"wp:attachment":[{"href":"https:\/\/www.greenmech.com.ro\/index.php\/wp-json\/wp\/v2\/media?parent=242"}],"curies":[{"name":"wp","href":"https:\/\/api.w.org\/{rel}","templated":true}]}}