{"id":209,"date":"2025-09-24T09:33:24","date_gmt":"2025-09-24T09:33:24","guid":{"rendered":"http:\/\/www.greenmech.com.ro\/?page_id=209"},"modified":"2025-09-24T09:33:24","modified_gmt":"2025-09-24T09:33:24","slug":"greenmech-evo-165dt","status":"publish","type":"page","link":"https:\/\/www.greenmech.com.ro\/index.php\/greenmech-evo-165dt\/","title":{"rendered":"GreenMech EVO 165DT"},"content":{"rendered":"\n<div class=\"wp-block-group is-nowrap is-layout-flex wp-container-core-group-is-layout-6c531013 wp-block-group-is-layout-flex\">\n<figure class=\"wp-block-image size-full is-resized\"><img loading=\"lazy\" decoding=\"async\" width=\"605\" height=\"480\" src=\"https:\/\/www.greenmech.com.ro\/wp-content\/uploads\/2025\/09\/image-57.png\" alt=\"\" class=\"wp-image-211\" style=\"width:454px;height:auto\" srcset=\"https:\/\/www.greenmech.com.ro\/wp-content\/uploads\/2025\/09\/image-57.png 605w, https:\/\/www.greenmech.com.ro\/wp-content\/uploads\/2025\/09\/image-57-300x238.png 300w\" sizes=\"auto, (max-width: 605px) 100vw, 605px\" \/><\/figure>\n\n\n\n<ul class=\"wp-block-list\">\n<li><strong>Cuplu mai agresiv<\/strong><\/li>\n\n\n\n<li><strong>Mu\u0219c\u0103tur\u0103 mai agresiv\u0103<\/strong><\/li>\n\n\n\n<li><strong>Randament mai mare<\/strong><\/li>\n\n\n\n<li><strong>Capacitate de 165 mm<\/strong><\/li>\n\n\n\n<li><strong>\u0218enile cu l\u0103\u021bime variabil\u0103<\/strong><\/li>\n\n\n\n<li><strong>Garda la sol de 194 mm<\/strong><\/li>\n<\/ul>\n<\/div>\n\n\n\n<h3 class=\"wp-block-heading\">Informa\u021bii extra<\/h3>\n\n\n\n<p><strong>EVO 165DT<\/strong> reprezint\u0103 tot ceea ce \u00eenseamn\u0103 evolu\u021bie \u00een materie de toc\u0103toare pe \u0219enile.<\/p>\n\n\n\n<p>Am ascultat cerin\u021bele industriei \u0219i ne-am folosit \u00eentreaga experien\u021b\u0103 de proiectare \u0219i produc\u021bie pentru a dezvolta noua ma\u0219in\u0103 pe \u0219enile, cu capacitate de 165 mm, care ofer\u0103 exact ceea ce a\u021bi a\u0219teptat.<\/p>\n\n\n\n<div class=\"wp-block-group is-nowrap is-layout-flex wp-container-core-group-is-layout-6c531013 wp-block-group-is-layout-flex\">\n<div class=\"wp-block-buttons is-layout-flex wp-block-buttons-is-layout-flex\">\n<div class=\"wp-block-button\"><a class=\"wp-block-button__link wp-element-button\" href=\"tel: +40744671621\">Cere\u021bi detalii<\/a><\/div>\n<\/div>\n\n\n\n<div class=\"wp-block-buttons is-layout-flex wp-block-buttons-is-layout-flex\">\n<div class=\"wp-block-button\"><a class=\"wp-block-button__link wp-element-button\" href=\"mailto:office@greenmech.com.ro\">Cere\u021bi ofert\u0103<\/a><\/div>\n<\/div>\n<\/div>\n\n\n\n<figure class=\"wp-block-image size-large is-resized\"><img loading=\"lazy\" decoding=\"async\" width=\"1024\" height=\"675\" src=\"https:\/\/www.greenmech.com.ro\/wp-content\/uploads\/2025\/09\/image-60-1024x675.png\" alt=\"\" class=\"wp-image-215\" style=\"width:870px;height:auto\" srcset=\"https:\/\/www.greenmech.com.ro\/wp-content\/uploads\/2025\/09\/image-60-1024x675.png 1024w, https:\/\/www.greenmech.com.ro\/wp-content\/uploads\/2025\/09\/image-60-300x198.png 300w, https:\/\/www.greenmech.com.ro\/wp-content\/uploads\/2025\/09\/image-60-768x506.png 768w, https:\/\/www.greenmech.com.ro\/wp-content\/uploads\/2025\/09\/image-60.png 1061w\" sizes=\"auto, (max-width: 1024px) 100vw, 1024px\" \/><\/figure>\n\n\n\n<h2 class=\"wp-block-heading\">Caracteristici principale<\/h2>\n\n\n\n<p><strong>SISTEM DE ALIMENTARE \u201eNO-STRESS\u201d<\/strong><br>Gestioneaz\u0103 automat \u0219i men\u021bine un flux constant de material prin toc\u0103tor, f\u0103r\u0103 a bloca sau opri utilajul.<\/p>\n\n\n\n<p><strong>\u0218ENILE CU L\u0102\u021aIME VARIABIL\u0102<\/strong><br>Ofer\u0103 operatorului manevrabilitate optim\u0103 \u0219i stabilitate pe teren accidentat.<\/p>\n\n\n\n<p><strong>GARD\u0102 LA SOL<\/strong><br>O gard\u0103 de 194 mm permite accesul pe \u0219antiere cu teren dificil.<\/p>\n\n\n\n<p><strong>TRANSMISIE PE \u0218ENILE DUBLE<\/strong><br>Fiecare \u0219enil\u0103 are propriul motor de ac\u021bionare pentru mai mult\u0103 siguran\u021b\u0103 \u0219i fiabilitate, iar \u00eempreun\u0103 asigur\u0103 o vitez\u0103 de deplasare de 3,2 km\/h.<\/p>\n\n\n\n<p><strong>FUNC\u021aIE \u201eTRACK OR CHIP\u201d<\/strong><br>Un comutator de pe consol\u0103 asigur\u0103 ca utilajul s\u0103 fie fie \u00een modul de deplasare, fie \u00een modul de tocare, minimiz\u00e2nd riscul unor ac\u021bion\u0103ri accidentale.<\/p>\n\n\n\n<p><strong>MOTOR DIESEL CONFORM<\/strong><br>Motorul diesel conform cu normele Stage 5 ofer\u0103 puterea necesar\u0103 adaptat\u0103 cerin\u021belor de lucru, men\u021bin\u00e2nd \u00een acela\u0219i timp economia de combustibil.<\/p>\n","protected":false},"excerpt":{"rendered":"<p>Informa\u021bii extra EVO 165DT reprezint\u0103 tot ceea ce \u00eenseamn\u0103 evolu\u021bie \u00een materie de toc\u0103toare pe \u0219enile. Am ascultat cerin\u021bele industriei \u0219i ne-am folosit \u00eentreaga experien\u021b\u0103 de proiectare \u0219i produc\u021bie pentru a dezvolta noua ma\u0219in\u0103 pe \u0219enile, cu capacitate de 165 mm, care ofer\u0103 exact ceea ce a\u021bi a\u0219teptat. Caracteristici principale SISTEM DE ALIMENTARE \u201eNO-STRESS\u201dGestioneaz\u0103 automat [&hellip;]<\/p>\n","protected":false},"author":1,"featured_media":0,"parent":0,"menu_order":0,"comment_status":"closed","ping_status":"closed","template":"","meta":{"footnotes":""},"class_list":["post-209","page","type-page","status-publish","hentry"],"aioseo_notices":[],"_links":{"self":[{"href":"https:\/\/www.greenmech.com.ro\/index.php\/wp-json\/wp\/v2\/pages\/209","targetHints":{"allow":["GET"]}}],"collection":[{"href":"https:\/\/www.greenmech.com.ro\/index.php\/wp-json\/wp\/v2\/pages"}],"about":[{"href":"https:\/\/www.greenmech.com.ro\/index.php\/wp-json\/wp\/v2\/types\/page"}],"author":[{"embeddable":true,"href":"https:\/\/www.greenmech.com.ro\/index.php\/wp-json\/wp\/v2\/users\/1"}],"replies":[{"embeddable":true,"href":"https:\/\/www.greenmech.com.ro\/index.php\/wp-json\/wp\/v2\/comments?post=209"}],"version-history":[{"count":2,"href":"https:\/\/www.greenmech.com.ro\/index.php\/wp-json\/wp\/v2\/pages\/209\/revisions"}],"predecessor-version":[{"id":216,"href":"https:\/\/www.greenmech.com.ro\/index.php\/wp-json\/wp\/v2\/pages\/209\/revisions\/216"}],"wp:attachment":[{"href":"https:\/\/www.greenmech.com.ro\/index.php\/wp-json\/wp\/v2\/media?parent=209"}],"curies":[{"name":"wp","href":"https:\/\/api.w.org\/{rel}","templated":true}]}}