{"id":204,"date":"2025-09-23T13:00:06","date_gmt":"2025-09-23T13:00:06","guid":{"rendered":"http:\/\/www.greenmech.com.ro\/?page_id=204"},"modified":"2025-09-25T12:05:57","modified_gmt":"2025-09-25T12:05:57","slug":"greenmech-arborist-130","status":"publish","type":"page","link":"https:\/\/www.greenmech.com.ro\/index.php\/greenmech-arborist-130\/","title":{"rendered":"GreenMech Arborist 130"},"content":{"rendered":"\n<h3 class=\"wp-block-heading\">Cel mai performant toc\u0103tor pe \u0219enile pentru autostr\u0103zi \u0219i c\u0103i ferate<\/h3>\n\n\n\n<div class=\"wp-block-group is-layout-constrained wp-block-group-is-layout-constrained\">\n<div class=\"wp-block-columns is-layout-flex wp-container-core-columns-is-layout-28f84493 wp-block-columns-is-layout-flex\">\n<div class=\"wp-block-column is-layout-flow wp-block-column-is-layout-flow\"><\/div>\n\n\n\n<div class=\"wp-block-column is-layout-flow wp-block-column-is-layout-flow\"><\/div>\n<\/div>\n<\/div>\n\n\n\n<div class=\"wp-block-group is-content-justification-right is-layout-constrained wp-container-core-group-is-layout-f1f2ed93 wp-block-group-is-layout-constrained\">\n<figure class=\"wp-block-image size-full\"><img loading=\"lazy\" decoding=\"async\" width=\"584\" height=\"509\" src=\"https:\/\/www.greenmech.com.ro\/wp-content\/uploads\/2025\/09\/image-61.png\" alt=\"\" class=\"wp-image-221\" srcset=\"https:\/\/www.greenmech.com.ro\/wp-content\/uploads\/2025\/09\/image-61.png 584w, https:\/\/www.greenmech.com.ro\/wp-content\/uploads\/2025\/09\/image-61-300x261.png 300w\" sizes=\"auto, (max-width: 584px) 100vw, 584px\" \/><\/figure>\n<\/div>\n\n\n\n<div class=\"wp-block-buttons is-layout-flex wp-block-buttons-is-layout-flex\">\n<div class=\"wp-block-button\"><a class=\"wp-block-button__link wp-element-button\" href=\"tel: +40744671621\">Cere\u021bi detalii<\/a><\/div>\n\n\n\n<div class=\"wp-block-button\"><a class=\"wp-block-button__link wp-element-button\" href=\"mailto:office@greenmech.com.ro\">Cere\u021bi ofert\u0103<\/a><\/div>\n<\/div>\n\n\n\n<h5 class=\"wp-block-heading\">Capacitate 6&#8243; \/ 150 mm<\/h5>\n\n\n\n<h5 class=\"wp-block-heading\">Motor pe benzin\u0103 Honda 23 CP<\/h5>\n\n\n\n<h5 class=\"wp-block-heading\">Bunc\u0103r de alimentare generos<\/h5>\n\n\n\n<h5 class=\"wp-block-heading\">Sistem de alimentare \u201eNo-Stress\u201d<\/h5>\n\n\n\n<h5 class=\"wp-block-heading\">Sistem cu disc-lam\u0103<\/h5>\n\n\n\n<h5 class=\"wp-block-heading\"><strong><strong>Role de alimentare ac\u021bionate hidraulic<\/strong><\/strong><\/h5>\n\n\n\n<div style=\"height:35px\" aria-hidden=\"true\" class=\"wp-block-spacer\"><\/div>\n\n\n\n<figure class=\"wp-block-image size-full\"><img loading=\"lazy\" decoding=\"async\" width=\"572\" height=\"476\" src=\"https:\/\/www.greenmech.com.ro\/wp-content\/uploads\/2025\/09\/image-66.png\" alt=\"\" class=\"wp-image-232\" srcset=\"https:\/\/www.greenmech.com.ro\/wp-content\/uploads\/2025\/09\/image-66.png 572w, https:\/\/www.greenmech.com.ro\/wp-content\/uploads\/2025\/09\/image-66-300x250.png 300w\" sizes=\"auto, (max-width: 572px) 100vw, 572px\" \/><\/figure>\n\n\n\n<div class=\"wp-block-columns is-layout-flex wp-container-core-columns-is-layout-28f84493 wp-block-columns-is-layout-flex\">\n<div class=\"wp-block-column is-layout-flow wp-block-column-is-layout-flow\">\n<figure class=\"wp-block-image size-full\"><img loading=\"lazy\" decoding=\"async\" width=\"943\" height=\"657\" src=\"https:\/\/www.greenmech.com.ro\/wp-content\/uploads\/2025\/09\/image-67.png\" alt=\"\" class=\"wp-image-233\" srcset=\"https:\/\/www.greenmech.com.ro\/wp-content\/uploads\/2025\/09\/image-67.png 943w, https:\/\/www.greenmech.com.ro\/wp-content\/uploads\/2025\/09\/image-67-300x209.png 300w, https:\/\/www.greenmech.com.ro\/wp-content\/uploads\/2025\/09\/image-67-768x535.png 768w\" sizes=\"auto, (max-width: 943px) 100vw, 943px\" \/><\/figure>\n<\/div>\n\n\n\n<div class=\"wp-block-column is-layout-flow wp-block-column-is-layout-flow\">\n<figure class=\"wp-block-image size-full\"><img loading=\"lazy\" decoding=\"async\" width=\"997\" height=\"651\" src=\"https:\/\/www.greenmech.com.ro\/wp-content\/uploads\/2025\/09\/image-68.png\" alt=\"\" class=\"wp-image-234\" srcset=\"https:\/\/www.greenmech.com.ro\/wp-content\/uploads\/2025\/09\/image-68.png 997w, https:\/\/www.greenmech.com.ro\/wp-content\/uploads\/2025\/09\/image-68-300x196.png 300w, https:\/\/www.greenmech.com.ro\/wp-content\/uploads\/2025\/09\/image-68-768x501.png 768w\" sizes=\"auto, (max-width: 997px) 100vw, 997px\" \/><\/figure>\n<\/div>\n<\/div>\n\n\n\n<h3 class=\"wp-block-heading\">Informa\u021bii extra<\/h3>\n\n\n\n<p>Pentru peisagi\u0219ti, antreprenori, arbori\u0219ti \u0219i companii de \u00eenchirieri care caut\u0103 un toc\u0103tor de crengi capabil s\u0103 prelucreze cu u\u0219urin\u021b\u0103 p\u00e2n\u0103 la <strong>150 mm (6 inch)<\/strong>, modelul <strong>GreenMech Arborist 130<\/strong> este poate cel mai mic din gama tractabil\u0103 pe drumuri, dar ofer\u0103 un randament extrem de ridicat.<\/p>\n\n\n\n<div style=\"height:19px\" aria-hidden=\"true\" class=\"wp-block-spacer\"><\/div>\n\n\n\n<h3 class=\"wp-block-heading\">Caracteristici principale<\/h3>\n\n\n\n<p><strong>SISTEM DE ALIMENTARE \u201eNO-STRESS\u201d<\/strong><\/p>\n\n\n\n<p>Sistemul de alimentare controlat electronic <strong>No-Stress<\/strong> inverseaz\u0103 rolele de alimentare pentru a reduce presiunea asupra lamelor toc\u0103torului, permi\u021b\u00e2nd rotorului s\u0103 \u00ee\u0219i recapete rapid tura\u021bia \u0219i, astfel, s\u0103 creasc\u0103 din nou randamentul.<\/p>\n\n\n\n<h5 class=\"wp-block-heading\">TIMON\u0102 REGLABIL\u0102<\/h5>\n\n\n\n<p>Permite alinierea corect\u0103 \u00eentre vehicul \u0219i toc\u0103tor, p\u0103str\u00e2nd \u00een acela\u0219i timp \u00een\u0103l\u021bimea minim\u0103 a mesei de alimentare de <strong>600 mm<\/strong>.<\/p>\n\n\n\n<h5 class=\"wp-block-heading\">JGHEAB DE ALIMENTARE RABATABIL<\/h5>\n\n\n\n<p>Asigur\u0103 vizibilitate bun\u0103 asupra pl\u0103cii de semnalizare \u00een timpul transportului \u0219i reduce lungimea total\u0103 a utilajului pentru depozitare.<\/p>\n\n\n\n<h5 class=\"wp-block-heading\">JGHEAB DE ALIMENTARE LAT<\/h5>\n\n\n\n<p>Un bunc\u0103r de alimentare generos, de <strong>970 mm x 790 mm<\/strong>, faciliteaz\u0103 introducerea materialului voluminos \u0219i des, \u00een combina\u021bie cu o gur\u0103 de alimentare tip \u201efereastr\u0103\u201d de <strong>150 mm x 230 mm<\/strong>, ce permite introducerea u\u0219oar\u0103 a ramurilor cu multe ramifica\u021bii.<\/p>\n\n\n\n<h5 class=\"wp-block-heading\">ROLE HIDRAULICE VERTICALE GEMENE<\/h5>\n\n\n\n<p>Cele dou\u0103 role hidraulice verticale preseaz\u0103 eficient materialul, reduc\u00e2nd la minimum mi\u0219carea lateral\u0103.<\/p>\n\n\n\n<h5 class=\"wp-block-heading\">116 dB PUTERE \/ 92 dB PRESIUNE<\/h5>\n\n\n\n<p>Capota din o\u021bel, articulat\u0103, este c\u0103ptu\u0219it\u0103 cu material fonoabsorbant care, \u00eempreun\u0103 cu sistemul cu disc-lam\u0103, face din acest utilaj unul dintre cele mai silen\u021bioase toc\u0103toare de crengi de pe pia\u021b\u0103.<\/p>\n","protected":false},"excerpt":{"rendered":"<p>Cel mai performant toc\u0103tor pe \u0219enile pentru autostr\u0103zi \u0219i c\u0103i ferate Capacitate 6&#8243; \/ 150 mm Motor pe benzin\u0103 Honda 23 CP Bunc\u0103r de alimentare generos Sistem de alimentare \u201eNo-Stress\u201d Sistem cu disc-lam\u0103 Role de alimentare ac\u021bionate hidraulic Informa\u021bii extra Pentru peisagi\u0219ti, antreprenori, arbori\u0219ti \u0219i companii de \u00eenchirieri care caut\u0103 un toc\u0103tor de crengi capabil [&hellip;]<\/p>\n","protected":false},"author":1,"featured_media":0,"parent":0,"menu_order":0,"comment_status":"closed","ping_status":"closed","template":"","meta":{"footnotes":""},"class_list":["post-204","page","type-page","status-publish","hentry"],"aioseo_notices":[],"_links":{"self":[{"href":"https:\/\/www.greenmech.com.ro\/index.php\/wp-json\/wp\/v2\/pages\/204","targetHints":{"allow":["GET"]}}],"collection":[{"href":"https:\/\/www.greenmech.com.ro\/index.php\/wp-json\/wp\/v2\/pages"}],"about":[{"href":"https:\/\/www.greenmech.com.ro\/index.php\/wp-json\/wp\/v2\/types\/page"}],"author":[{"embeddable":true,"href":"https:\/\/www.greenmech.com.ro\/index.php\/wp-json\/wp\/v2\/users\/1"}],"replies":[{"embeddable":true,"href":"https:\/\/www.greenmech.com.ro\/index.php\/wp-json\/wp\/v2\/comments?post=204"}],"version-history":[{"count":3,"href":"https:\/\/www.greenmech.com.ro\/index.php\/wp-json\/wp\/v2\/pages\/204\/revisions"}],"predecessor-version":[{"id":235,"href":"https:\/\/www.greenmech.com.ro\/index.php\/wp-json\/wp\/v2\/pages\/204\/revisions\/235"}],"wp:attachment":[{"href":"https:\/\/www.greenmech.com.ro\/index.php\/wp-json\/wp\/v2\/media?parent=204"}],"curies":[{"name":"wp","href":"https:\/\/api.w.org\/{rel}","templated":true}]}}