{"id":132,"date":"2025-09-16T09:04:08","date_gmt":"2025-09-16T09:04:08","guid":{"rendered":"http:\/\/www.greenmech.com.ro\/?page_id=132"},"modified":"2025-09-25T13:29:54","modified_gmt":"2025-09-25T13:29:54","slug":"gama-greenmech-evo","status":"publish","type":"page","link":"https:\/\/www.greenmech.com.ro\/index.php\/gama-greenmech-evo\/","title":{"rendered":"Gama GreenMech EVO"},"content":{"rendered":"\n<div class=\"wp-block-columns is-layout-flex wp-container-core-columns-is-layout-28f84493 wp-block-columns-is-layout-flex\">\n<div class=\"wp-block-column is-layout-flow wp-block-column-is-layout-flow\">\n<div class=\"wp-block-group is-layout-constrained wp-block-group-is-layout-constrained\">\n<div class=\"wp-block-group is-layout-constrained wp-block-group-is-layout-constrained\">\n<figure class=\"wp-block-image size-full is-resized\"><img loading=\"lazy\" decoding=\"async\" width=\"586\" height=\"451\" src=\"https:\/\/www.greenmech.com.ro\/wp-content\/uploads\/2025\/09\/image-44.png\" alt=\"\" class=\"wp-image-133\" style=\"width:442px;height:auto\" srcset=\"https:\/\/www.greenmech.com.ro\/wp-content\/uploads\/2025\/09\/image-44.png 586w, https:\/\/www.greenmech.com.ro\/wp-content\/uploads\/2025\/09\/image-44-300x231.png 300w\" sizes=\"auto, (max-width: 586px) 100vw, 586px\" \/><\/figure>\n<\/div>\n\n\n\n<div class=\"wp-block-group is-layout-constrained wp-block-group-is-layout-constrained\">\n<h3 class=\"wp-block-heading has-text-align-left\">Toc\u0103tor GreenMech EVO 165D<\/h3>\n\n\n\n<div class=\"wp-block-group is-vertical is-layout-flex wp-container-core-group-is-layout-fe9cc265 wp-block-group-is-layout-flex\">\n<p>Toc\u0103torul EVO 165D este un toc\u0103tor de 165 mm care \u00eenglobeaz\u0103 cele mai noi evolu\u021bii din domeniu. Proiectat pe baza feedbackului din industrie \u0219i a experien\u021bei \u00een design \u0219i fabrica\u021bie, acest model ofer\u0103 performan\u021bele \u0219i caracteristicile a\u0219teptate de utilizatori.<\/p>\n<\/div>\n<\/div>\n<\/div>\n\n\n\n<div class=\"wp-block-buttons is-layout-flex wp-block-buttons-is-layout-flex\">\n<div class=\"wp-block-button\"><a class=\"wp-block-button__link wp-element-button\" href=\"https:\/\/www.greenmech.com.ro\/index.php\/greenmech-evo-165d\/\">Vizualiza\u021bi model<\/a><\/div>\n<\/div>\n<\/div>\n\n\n\n<div class=\"wp-block-column is-layout-flow wp-block-column-is-layout-flow\">\n<div class=\"wp-block-group is-layout-constrained wp-block-group-is-layout-constrained\">\n<figure class=\"wp-block-image size-full is-resized\"><img loading=\"lazy\" decoding=\"async\" width=\"558\" height=\"461\" src=\"https:\/\/www.greenmech.com.ro\/wp-content\/uploads\/2025\/09\/image-45.png\" alt=\"\" class=\"wp-image-134\" style=\"width:439px;height:auto\" srcset=\"https:\/\/www.greenmech.com.ro\/wp-content\/uploads\/2025\/09\/image-45.png 558w, https:\/\/www.greenmech.com.ro\/wp-content\/uploads\/2025\/09\/image-45-300x248.png 300w\" sizes=\"auto, (max-width: 558px) 100vw, 558px\" \/><\/figure>\n\n\n\n<div class=\"wp-block-group is-layout-constrained wp-block-group-is-layout-constrained\">\n<h3 class=\"wp-block-heading\">Toc\u0103tor GreenMech EVO 165P Sub 750<\/h3>\n\n\n\n<div class=\"wp-block-group is-vertical is-layout-flex wp-container-core-group-is-layout-fe9cc265 wp-block-group-is-layout-flex\">\n<p>Toc\u0103torul de crengi EVO 165P SUB-750 p\u0103streaz\u0103 principalele caracteristici ale seriei EVO, precum gura larg\u0103 de alimentare, rolele orizontale duble, capota din o\u021bel \u0219i volantul robust.<\/p>\n<\/div>\n<\/div>\n<\/div>\n\n\n\n<div class=\"wp-block-buttons is-layout-flex wp-block-buttons-is-layout-flex\">\n<div class=\"wp-block-button\"><a class=\"wp-block-button__link wp-element-button\" href=\"https:\/\/www.greenmech.com.ro\/index.php\/greenmech-evo-165p-sub-750\/\">Vizualiza\u021bi model<\/a><\/div>\n<\/div>\n<\/div>\n<\/div>\n\n\n\n<div style=\"height:29px\" aria-hidden=\"true\" class=\"wp-block-spacer\"><\/div>\n\n\n\n<div class=\"wp-block-columns is-layout-flex wp-container-core-columns-is-layout-28f84493 wp-block-columns-is-layout-flex\">\n<div class=\"wp-block-column is-layout-flow wp-block-column-is-layout-flow\">\n<div class=\"wp-block-group is-layout-constrained wp-block-group-is-layout-constrained\">\n<figure class=\"wp-block-image size-full is-resized\"><img loading=\"lazy\" decoding=\"async\" width=\"559\" height=\"443\" src=\"https:\/\/www.greenmech.com.ro\/wp-content\/uploads\/2025\/09\/image-46.png\" alt=\"\" class=\"wp-image-135\" style=\"width:433px;height:auto\" srcset=\"https:\/\/www.greenmech.com.ro\/wp-content\/uploads\/2025\/09\/image-46.png 559w, https:\/\/www.greenmech.com.ro\/wp-content\/uploads\/2025\/09\/image-46-300x238.png 300w\" sizes=\"auto, (max-width: 559px) 100vw, 559px\" \/><\/figure>\n\n\n\n<div class=\"wp-block-group is-vertical is-layout-flex wp-container-core-group-is-layout-fe9cc265 wp-block-group-is-layout-flex\">\n<h3 class=\"wp-block-heading\">Toc\u0103tor GreenMech EVO 205D<\/h3>\n<\/div>\n\n\n\n<p>Toc\u0103torul de crengi GreenMech EVO 205D este un toc\u0103tor de 8 inch care reflect\u0103 cele mai noi inova\u021bii din domeniu.<\/p>\n<\/div>\n\n\n\n<div class=\"wp-block-buttons is-layout-flex wp-block-buttons-is-layout-flex\">\n<div class=\"wp-block-button\"><a class=\"wp-block-button__link wp-element-button\" href=\"https:\/\/www.greenmech.com.ro\/index.php\/tocatorul-greenmech-evo-205d\/\">Vizualiza\u021bi model<\/a><\/div>\n<\/div>\n<\/div>\n\n\n\n<div class=\"wp-block-column is-layout-flow wp-block-column-is-layout-flow\">\n<div class=\"wp-block-group is-layout-constrained wp-block-group-is-layout-constrained\">\n<figure class=\"wp-block-image size-full is-resized\"><img loading=\"lazy\" decoding=\"async\" width=\"602\" height=\"424\" src=\"https:\/\/www.greenmech.com.ro\/wp-content\/uploads\/2025\/09\/image-47.png\" alt=\"\" class=\"wp-image-137\" style=\"width:484px;height:auto\" srcset=\"https:\/\/www.greenmech.com.ro\/wp-content\/uploads\/2025\/09\/image-47.png 602w, https:\/\/www.greenmech.com.ro\/wp-content\/uploads\/2025\/09\/image-47-300x211.png 300w\" sizes=\"auto, (max-width: 602px) 100vw, 602px\" \/><\/figure>\n\n\n\n<h3 class=\"wp-block-heading\">Toc\u0103tor GreenMech EVO 205TT<\/h3>\n\n\n\n<div class=\"wp-block-group is-vertical is-layout-flex wp-container-core-group-is-layout-fe9cc265 wp-block-group-is-layout-flex\">\n<p>Toc\u0103torul de crengi EVO 205TT este conceput pentru sectoarele care necesit\u0103 performan\u021be ridicate de tocare, oferind \u00een acela\u0219i timp o platform\u0103 rotativ\u0103 la 360\u00b0.<\/p>\n<\/div>\n\n\n\n<div class=\"wp-block-buttons is-layout-flex wp-block-buttons-is-layout-flex\">\n<div class=\"wp-block-button\"><a class=\"wp-block-button__link wp-element-button\" href=\"https:\/\/www.greenmech.com.ro\/index.php\/tocatorul-greenmech-evo-205tt\/\">Vizualiza\u021bi model<\/a><\/div>\n<\/div>\n<\/div>\n<\/div>\n<\/div>\n\n\n\n<div style=\"height:28px\" aria-hidden=\"true\" class=\"wp-block-spacer\"><\/div>\n\n\n\n<h2 class=\"wp-block-heading\">Modelele GreenMech EVO pe \u0219enile<\/h2>\n\n\n\n<div style=\"height:20px\" aria-hidden=\"true\" class=\"wp-block-spacer\"><\/div>\n\n\n\n<div class=\"wp-block-columns is-layout-flex wp-container-core-columns-is-layout-28f84493 wp-block-columns-is-layout-flex\">\n<div class=\"wp-block-column is-layout-flow wp-block-column-is-layout-flow\">\n<div class=\"wp-block-group is-layout-constrained wp-block-group-is-layout-constrained\">\n<div class=\"wp-block-group is-layout-constrained wp-block-group-is-layout-constrained\">\n<figure class=\"wp-block-image size-full is-resized\"><img loading=\"lazy\" decoding=\"async\" width=\"597\" height=\"482\" src=\"https:\/\/www.greenmech.com.ro\/wp-content\/uploads\/2025\/09\/image-73.png\" alt=\"\" class=\"wp-image-245\" style=\"width:442px;height:auto\" srcset=\"https:\/\/www.greenmech.com.ro\/wp-content\/uploads\/2025\/09\/image-73.png 597w, https:\/\/www.greenmech.com.ro\/wp-content\/uploads\/2025\/09\/image-73-300x242.png 300w\" sizes=\"auto, (max-width: 597px) 100vw, 597px\" \/><\/figure>\n\n\n\n<div class=\"wp-block-group is-vertical is-layout-flex wp-container-core-group-is-layout-fe9cc265 wp-block-group-is-layout-flex\">\n<h3 class=\"wp-block-heading\">Toc\u0103tor GreenMech EVO 165DT<\/h3>\n\n\n\n<div class=\"wp-block-group is-layout-constrained wp-block-group-is-layout-constrained\">\n<p>EVO 165DT \u00eentruchipeaz\u0103 tot ce e revolu\u021bionar la un toc\u0103tor pe \u0219enile.<\/p>\n<\/div>\n\n\n\n<div class=\"wp-block-buttons is-layout-flex wp-block-buttons-is-layout-flex\">\n<div class=\"wp-block-button\"><a class=\"wp-block-button__link wp-element-button\" href=\"https:\/\/www.greenmech.com.ro\/index.php\/greenmech-evo-165dt\/\">Vizualiza\u021bi model<\/a><\/div>\n<\/div>\n<\/div>\n<\/div>\n<\/div>\n<\/div>\n\n\n\n<div class=\"wp-block-column is-layout-flow wp-block-column-is-layout-flow\">\n<div class=\"wp-block-group is-layout-constrained wp-block-group-is-layout-constrained\">\n<figure class=\"wp-block-image size-full is-resized\"><img loading=\"lazy\" decoding=\"async\" width=\"582\" height=\"478\" src=\"https:\/\/www.greenmech.com.ro\/wp-content\/uploads\/2025\/09\/image-74.png\" alt=\"\" class=\"wp-image-246\" style=\"width:440px;height:auto\" srcset=\"https:\/\/www.greenmech.com.ro\/wp-content\/uploads\/2025\/09\/image-74.png 582w, https:\/\/www.greenmech.com.ro\/wp-content\/uploads\/2025\/09\/image-74-300x246.png 300w\" sizes=\"auto, (max-width: 582px) 100vw, 582px\" \/><\/figure>\n\n\n\n<div class=\"wp-block-group is-vertical is-layout-flex wp-container-core-group-is-layout-fe9cc265 wp-block-group-is-layout-flex\">\n<h3 class=\"wp-block-heading\">Toc\u0103tor GreenMech EVO 205DT<\/h3>\n\n\n\n<div class=\"wp-block-group is-layout-constrained wp-block-group-is-layout-constrained\">\n<p>EVO 205DT este un toc\u0103tor de crengi GreenMech echipat cu sistemul fix de \u0219enile, testat \u0219i verificat de GreenMech, care asigur\u0103 o gard\u0103 la sol de 260 mm.<\/p>\n<\/div>\n\n\n\n<div class=\"wp-block-buttons is-layout-flex wp-block-buttons-is-layout-flex\">\n<div class=\"wp-block-button\"><a class=\"wp-block-button__link wp-element-button\" href=\"https:\/\/www.greenmech.com.ro\/index.php\/tocatorul-greenmech-evo-205dt\/\">Vizualiza\u021bi model<\/a><\/div>\n<\/div>\n<\/div>\n<\/div>\n<\/div>\n<\/div>\n\n\n\n<div class=\"wp-block-columns is-layout-flex wp-container-core-columns-is-layout-28f84493 wp-block-columns-is-layout-flex\">\n<div class=\"wp-block-column is-layout-flow wp-block-column-is-layout-flow\">\n<div class=\"wp-block-group is-layout-constrained wp-block-group-is-layout-constrained\">\n<figure class=\"wp-block-image size-full is-resized\"><img loading=\"lazy\" decoding=\"async\" width=\"572\" height=\"475\" src=\"https:\/\/www.greenmech.com.ro\/wp-content\/uploads\/2025\/09\/image-75.png\" alt=\"\" class=\"wp-image-248\" style=\"width:451px;height:auto\" srcset=\"https:\/\/www.greenmech.com.ro\/wp-content\/uploads\/2025\/09\/image-75.png 572w, https:\/\/www.greenmech.com.ro\/wp-content\/uploads\/2025\/09\/image-75-300x249.png 300w\" sizes=\"auto, (max-width: 572px) 100vw, 572px\" \/><\/figure>\n\n\n\n<div class=\"wp-block-group is-vertical is-layout-flex wp-container-core-group-is-layout-fe9cc265 wp-block-group-is-layout-flex\">\n<div class=\"wp-block-group is-layout-constrained wp-block-group-is-layout-constrained\">\n<h3 class=\"wp-block-heading\">Toc\u0103tor GreenMech EVO 205D SAFE-Trak<\/h3>\n\n\n\n<p>Sistemul SAFE-Trak, disponibil pe gama <strong>EVO<\/strong> de la <strong>GreenMech<\/strong>, este proiectat cu sistemul de extensie a \u0219enilelor patentat \u0219i premiat, oferind o gard\u0103 la sol de p\u00e2n\u0103 la <strong>530 mm<\/strong> \u0219i permi\u021b\u00e2nd toc\u0103torului de crengi GreenMech accesul pe cele mai dificile terenuri.<\/p>\n\n\n\n<div class=\"wp-block-buttons is-layout-flex wp-block-buttons-is-layout-flex\">\n<div class=\"wp-block-button\"><a class=\"wp-block-button__link wp-element-button\" href=\"https:\/\/www.greenmech.com.ro\/index.php\/tocatorul-greenmech-evo-250d-safe-trak\/\">Vizualiza\u021bi model <\/a><\/div>\n<\/div>\n<\/div>\n<\/div>\n<\/div>\n<\/div>\n\n\n\n<div class=\"wp-block-column is-layout-flow wp-block-column-is-layout-flow\">\n<div class=\"wp-block-group is-layout-constrained wp-block-group-is-layout-constrained\">\n<figure class=\"wp-block-image size-full is-resized\"><img loading=\"lazy\" decoding=\"async\" width=\"580\" height=\"506\" src=\"https:\/\/www.greenmech.com.ro\/wp-content\/uploads\/2025\/09\/image-76.png\" alt=\"\" class=\"wp-image-249\" style=\"width:432px;height:auto\" srcset=\"https:\/\/www.greenmech.com.ro\/wp-content\/uploads\/2025\/09\/image-76.png 580w, https:\/\/www.greenmech.com.ro\/wp-content\/uploads\/2025\/09\/image-76-300x262.png 300w\" sizes=\"auto, (max-width: 580px) 100vw, 580px\" \/><\/figure>\n\n\n\n<div class=\"wp-block-group is-vertical is-layout-flex wp-container-core-group-is-layout-fe9cc265 wp-block-group-is-layout-flex\">\n<h3 class=\"wp-block-heading\">Toc\u0103tor GreenMech EVO 205D SURE-Trak<\/h3>\n<\/div>\n<\/div>\n\n\n\n<p>Marea provocare a fost inlocuirea toc\u0103torului GreenMech 19-28 SURE-Trak, toc\u0103torul pe \u0219enile suprem pentru lucr\u0103rile pe autostr\u0103zi \u0219i c\u0103i ferate. Se consider\u0103 c\u0103 legenda continu\u0103 cu acest produs de nou\u0103 genera\u021bie.<\/p>\n\n\n\n<div class=\"wp-block-buttons is-layout-flex wp-block-buttons-is-layout-flex\">\n<div class=\"wp-block-button\"><a class=\"wp-block-button__link wp-element-button\" href=\"https:\/\/www.greenmech.com.ro\/index.php\/tocator-greenmech-evo-205d-sure-track\/\">Vizualiza\u021bi model<\/a><\/div>\n<\/div>\n<\/div>\n<\/div>\n","protected":false},"excerpt":{"rendered":"<p>Toc\u0103tor GreenMech EVO 165D Toc\u0103torul EVO 165D este un toc\u0103tor de 165 mm care \u00eenglobeaz\u0103 cele mai noi evolu\u021bii din domeniu. Proiectat pe baza feedbackului din industrie \u0219i a experien\u021bei \u00een design \u0219i fabrica\u021bie, acest model ofer\u0103 performan\u021bele \u0219i caracteristicile a\u0219teptate de utilizatori. Toc\u0103tor GreenMech EVO 165P Sub 750 Toc\u0103torul de crengi EVO 165P SUB-750 [&hellip;]<\/p>\n","protected":false},"author":1,"featured_media":0,"parent":0,"menu_order":0,"comment_status":"closed","ping_status":"closed","template":"","meta":{"footnotes":""},"class_list":["post-132","page","type-page","status-publish","hentry"],"aioseo_notices":[],"_links":{"self":[{"href":"https:\/\/www.greenmech.com.ro\/index.php\/wp-json\/wp\/v2\/pages\/132","targetHints":{"allow":["GET"]}}],"collection":[{"href":"https:\/\/www.greenmech.com.ro\/index.php\/wp-json\/wp\/v2\/pages"}],"about":[{"href":"https:\/\/www.greenmech.com.ro\/index.php\/wp-json\/wp\/v2\/types\/page"}],"author":[{"embeddable":true,"href":"https:\/\/www.greenmech.com.ro\/index.php\/wp-json\/wp\/v2\/users\/1"}],"replies":[{"embeddable":true,"href":"https:\/\/www.greenmech.com.ro\/index.php\/wp-json\/wp\/v2\/comments?post=132"}],"version-history":[{"count":11,"href":"https:\/\/www.greenmech.com.ro\/index.php\/wp-json\/wp\/v2\/pages\/132\/revisions"}],"predecessor-version":[{"id":262,"href":"https:\/\/www.greenmech.com.ro\/index.php\/wp-json\/wp\/v2\/pages\/132\/revisions\/262"}],"wp:attachment":[{"href":"https:\/\/www.greenmech.com.ro\/index.php\/wp-json\/wp\/v2\/media?parent=132"}],"curies":[{"name":"wp","href":"https:\/\/api.w.org\/{rel}","templated":true}]}}