{"id":125,"date":"2025-09-16T08:50:25","date_gmt":"2025-09-16T08:50:25","guid":{"rendered":"http:\/\/www.greenmech.com.ro\/?page_id=125"},"modified":"2025-09-16T08:52:26","modified_gmt":"2025-09-16T08:52:26","slug":"gama-greenmech-eco","status":"publish","type":"page","link":"https:\/\/www.greenmech.com.ro\/index.php\/gama-greenmech-eco\/","title":{"rendered":"Gama GreenMech ECO"},"content":{"rendered":"\n<div class=\"wp-block-columns is-layout-flex wp-container-core-columns-is-layout-28f84493 wp-block-columns-is-layout-flex\">\n<div class=\"wp-block-column is-layout-flow wp-block-column-is-layout-flow\">\n<div class=\"wp-block-group is-layout-constrained wp-block-group-is-layout-constrained\">\n<figure class=\"wp-block-image size-full\"><img loading=\"lazy\" decoding=\"async\" width=\"486\" height=\"368\" src=\"https:\/\/www.greenmech.com.ro\/wp-content\/uploads\/2025\/09\/image-5.png\" alt=\"\" class=\"wp-image-27\" srcset=\"https:\/\/www.greenmech.com.ro\/wp-content\/uploads\/2025\/09\/image-5.png 486w, https:\/\/www.greenmech.com.ro\/wp-content\/uploads\/2025\/09\/image-5-300x227.png 300w\" sizes=\"auto, (max-width: 486px) 100vw, 486px\" \/><\/figure>\n<\/div>\n<\/div>\n\n\n\n<div class=\"wp-block-column is-layout-flow wp-block-column-is-layout-flow\">\n<h2 class=\"wp-block-heading\">GreenMech ECO 135<\/h2>\n\n\n\n<hr class=\"wp-block-separator has-alpha-channel-opacity\"\/>\n\n\n\n<p>Modelul 135 poate fi configurat \u00een func\u021bie de aplica\u021bii \u0219i buget. Printre op\u021biuni se num\u0103r\u0103 co\u0219ul de evacuare cu \u00een\u0103l\u021bime variabil\u0103, roat\u0103 de rezerv\u0103, cutie de depozitare \u0219i pachetul GreenMech HushChip, care ofer\u0103 protec\u021bie suplimentar\u0103 componentelor \u0219i reduce nivelul de zgomot.<\/p>\n\n\n\n<div class=\"wp-block-group is-layout-constrained wp-block-group-is-layout-constrained\">\n<div class=\"wp-block-buttons is-layout-flex wp-block-buttons-is-layout-flex\">\n<div class=\"wp-block-button\"><a class=\"wp-block-button__link wp-element-button\" href=\"https:\/\/www.greenmech.com.ro\/index.php\/taietorul-eco-135\/\">Pagina produs<\/a><\/div>\n<\/div>\n<\/div>\n<\/div>\n<\/div>\n\n\n\n<div class=\"wp-block-group is-nowrap is-layout-flex wp-container-core-group-is-layout-6c531013 wp-block-group-is-layout-flex\">\n<figure class=\"wp-block-image size-full is-resized\"><img loading=\"lazy\" decoding=\"async\" width=\"606\" height=\"482\" src=\"https:\/\/www.greenmech.com.ro\/wp-content\/uploads\/2025\/09\/image-42.png\" alt=\"\" class=\"wp-image-116\" style=\"width:484px;height:auto\" srcset=\"https:\/\/www.greenmech.com.ro\/wp-content\/uploads\/2025\/09\/image-42.png 606w, https:\/\/www.greenmech.com.ro\/wp-content\/uploads\/2025\/09\/image-42-300x239.png 300w\" sizes=\"auto, (max-width: 606px) 100vw, 606px\" \/><\/figure>\n\n\n\n<div class=\"wp-block-group is-layout-constrained wp-block-group-is-layout-constrained\">\n<div class=\"wp-block-group is-layout-constrained wp-block-group-is-layout-constrained\">\n<h2 class=\"wp-block-heading\">GreenMech ECO 135TT<\/h2>\n<\/div>\n\n\n\n<div class=\"wp-block-group is-layout-constrained wp-block-group-is-layout-constrained\">\n<div class=\"wp-block-group is-layout-constrained wp-block-group-is-layout-constrained\">\n<p>Modelul 135TT poate fi personalizat pentru a se potrivi diferitelor aplica\u021bii \u0219i bugete. Op\u021biunile includ co\u0219 de evacuare cu \u00een\u0103l\u021bime variabil\u0103, roat\u0103 de rezerv\u0103, cutie de depozitare \u0219i pachetul GreenMech HushChip.<\/p>\n\n\n\n<div class=\"wp-block-buttons is-layout-flex wp-block-buttons-is-layout-flex\">\n<div class=\"wp-block-button\"><a class=\"wp-block-button__link wp-element-button\" href=\"https:\/\/www.greenmech.com.ro\/index.php\/tocatorul-eco-135tt\/\">Pagin\u0103 produs<\/a><\/div>\n<\/div>\n<\/div>\n<\/div>\n<\/div>\n<\/div>\n\n\n\n<p><\/p>\n","protected":false},"excerpt":{"rendered":"<p>GreenMech ECO 135 Modelul 135 poate fi configurat \u00een func\u021bie de aplica\u021bii \u0219i buget. Printre op\u021biuni se num\u0103r\u0103 co\u0219ul de evacuare cu \u00een\u0103l\u021bime variabil\u0103, roat\u0103 de rezerv\u0103, cutie de depozitare \u0219i pachetul GreenMech HushChip, care ofer\u0103 protec\u021bie suplimentar\u0103 componentelor \u0219i reduce nivelul de zgomot. GreenMech ECO 135TT Modelul 135TT poate fi personalizat pentru a se [&hellip;]<\/p>\n","protected":false},"author":1,"featured_media":0,"parent":0,"menu_order":0,"comment_status":"closed","ping_status":"closed","template":"","meta":{"footnotes":""},"class_list":["post-125","page","type-page","status-publish","hentry"],"aioseo_notices":[],"_links":{"self":[{"href":"https:\/\/www.greenmech.com.ro\/index.php\/wp-json\/wp\/v2\/pages\/125","targetHints":{"allow":["GET"]}}],"collection":[{"href":"https:\/\/www.greenmech.com.ro\/index.php\/wp-json\/wp\/v2\/pages"}],"about":[{"href":"https:\/\/www.greenmech.com.ro\/index.php\/wp-json\/wp\/v2\/types\/page"}],"author":[{"embeddable":true,"href":"https:\/\/www.greenmech.com.ro\/index.php\/wp-json\/wp\/v2\/users\/1"}],"replies":[{"embeddable":true,"href":"https:\/\/www.greenmech.com.ro\/index.php\/wp-json\/wp\/v2\/comments?post=125"}],"version-history":[{"count":4,"href":"https:\/\/www.greenmech.com.ro\/index.php\/wp-json\/wp\/v2\/pages\/125\/revisions"}],"predecessor-version":[{"id":131,"href":"https:\/\/www.greenmech.com.ro\/index.php\/wp-json\/wp\/v2\/pages\/125\/revisions\/131"}],"wp:attachment":[{"href":"https:\/\/www.greenmech.com.ro\/index.php\/wp-json\/wp\/v2\/media?parent=125"}],"curies":[{"name":"wp","href":"https:\/\/api.w.org\/{rel}","templated":true}]}}