{"id":102,"date":"2025-09-16T09:50:57","date_gmt":"2025-09-16T09:50:57","guid":{"rendered":"http:\/\/www.greenmech.com.ro\/?page_id=102"},"modified":"2025-09-22T09:49:06","modified_gmt":"2025-09-22T09:49:06","slug":"tocatorul-greenmech-quadchip-160p","status":"publish","type":"page","link":"https:\/\/www.greenmech.com.ro\/index.php\/tocatorul-greenmech-quadchip-160p\/","title":{"rendered":"Toc\u0103torul GreenMech QuadChip 160P"},"content":{"rendered":"\n<h3 class=\"wp-block-heading\">Prioritate pentru joburile cu risc ridicat<\/h3>\n\n\n\n<figure class=\"wp-block-image size-full\"><img loading=\"lazy\" decoding=\"async\" width=\"844\" height=\"585\" src=\"https:\/\/www.greenmech.com.ro\/wp-content\/uploads\/2025\/09\/image-35.png\" alt=\"\" class=\"wp-image-103\" srcset=\"https:\/\/www.greenmech.com.ro\/wp-content\/uploads\/2025\/09\/image-35.png 844w, https:\/\/www.greenmech.com.ro\/wp-content\/uploads\/2025\/09\/image-35-300x208.png 300w, https:\/\/www.greenmech.com.ro\/wp-content\/uploads\/2025\/09\/image-35-768x532.png 768w\" sizes=\"auto, (max-width: 844px) 100vw, 844px\" \/><\/figure>\n\n\n\n<div style=\"height:25px\" aria-hidden=\"true\" class=\"wp-block-spacer\"><\/div>\n\n\n\n<h3 class=\"wp-block-heading\">Toc\u0103torul GreenMech QuadChip 160P<\/h3>\n\n\n\n<p>Acest toc\u0103tor special, remorcat pe drum, este proiectat \u00een mod specific pentru contractorii de \u00eentre\u021binere a drumurilor \u0219i autostr\u0103zilor.<\/p>\n\n\n\n<p>\u00centreaga unitate de toc\u0103tor poate roti 360\u00b0 pe \u0219asiu, permi\u021b\u00e2nd operatorilor s\u0103 pozi\u021bioneze gura de alimentare departe de marginea drumului.<\/p>\n\n\n\n<div class=\"wp-block-columns is-layout-flex wp-container-core-columns-is-layout-28f84493 wp-block-columns-is-layout-flex\">\n<div class=\"wp-block-column is-layout-flow wp-block-column-is-layout-flow\">\n<div class=\"wp-block-buttons is-layout-flex wp-block-buttons-is-layout-flex\">\n<div class=\"wp-block-button\"><a class=\"wp-block-button__link wp-element-button\" href=\"tel: +40744671621\">Cereti detalii<\/a><\/div>\n\n\n\n<div class=\"wp-block-button\"><a class=\"wp-block-button__link wp-element-button\" href=\"mailto:office@greenmech.com.ro\">Cereti oferta<\/a><\/div>\n<\/div>\n<\/div>\n\n\n\n<div class=\"wp-block-column is-layout-flow wp-block-column-is-layout-flow\"><\/div>\n<\/div>\n\n\n\n<div style=\"height:9px\" aria-hidden=\"true\" class=\"wp-block-spacer\"><\/div>\n\n\n\n<h3 class=\"wp-block-heading\">Informa\u021bii extra<\/h3>\n\n\n\n<div class=\"wp-block-group is-vertical is-layout-flex wp-container-core-group-is-layout-fe9cc265 wp-block-group-is-layout-flex\">\n<p><strong>Capacitate 6&#8243; \/ 160 mm<\/strong><\/p>\n\n\n\n<p><strong>Rota\u021bie 360\u00b0<\/strong><\/p>\n\n\n\n<p><strong>Ma\u0219in\u0103 sub 750 kg<\/strong><\/p>\n\n\n\n<p><strong>Sistem cu disc-lam\u0103<\/strong><\/p>\n\n\n\n<p><strong>Sistem de alimentare \u201eNo-Stress\u201d<\/strong><\/p>\n\n\n\n<p><strong>Role de alimentare ac\u021bionate hidraulic<\/strong><\/p>\n<\/div>\n\n\n\n<div style=\"height:15px\" aria-hidden=\"true\" class=\"wp-block-spacer\"><\/div>\n\n\n\n<h3 class=\"wp-block-heading\">Galerie foto<\/h3>\n\n\n\n<figure class=\"wp-block-image size-full\"><img loading=\"lazy\" decoding=\"async\" width=\"809\" height=\"574\" src=\"https:\/\/www.greenmech.com.ro\/wp-content\/uploads\/2025\/09\/image-36.png\" alt=\"\" class=\"wp-image-104\" srcset=\"https:\/\/www.greenmech.com.ro\/wp-content\/uploads\/2025\/09\/image-36.png 809w, https:\/\/www.greenmech.com.ro\/wp-content\/uploads\/2025\/09\/image-36-300x213.png 300w, https:\/\/www.greenmech.com.ro\/wp-content\/uploads\/2025\/09\/image-36-768x545.png 768w\" sizes=\"auto, (max-width: 809px) 100vw, 809px\" \/><\/figure>\n\n\n\n<div class=\"wp-block-columns is-layout-flex wp-container-core-columns-is-layout-28f84493 wp-block-columns-is-layout-flex\">\n<div class=\"wp-block-column is-layout-flow wp-block-column-is-layout-flow\">\n<figure class=\"wp-block-image size-full\"><img loading=\"lazy\" decoding=\"async\" width=\"840\" height=\"596\" src=\"https:\/\/www.greenmech.com.ro\/wp-content\/uploads\/2025\/09\/image-37.png\" alt=\"\" class=\"wp-image-105\" srcset=\"https:\/\/www.greenmech.com.ro\/wp-content\/uploads\/2025\/09\/image-37.png 840w, https:\/\/www.greenmech.com.ro\/wp-content\/uploads\/2025\/09\/image-37-300x213.png 300w, https:\/\/www.greenmech.com.ro\/wp-content\/uploads\/2025\/09\/image-37-768x545.png 768w\" sizes=\"auto, (max-width: 840px) 100vw, 840px\" \/><\/figure>\n<\/div>\n\n\n\n<div class=\"wp-block-column is-layout-flow wp-block-column-is-layout-flow\">\n<figure class=\"wp-block-image size-full is-resized\"><img loading=\"lazy\" decoding=\"async\" width=\"795\" height=\"596\" src=\"https:\/\/www.greenmech.com.ro\/wp-content\/uploads\/2025\/09\/image-38-edited.png\" alt=\"\" class=\"wp-image-107\" style=\"width:364px;height:auto\" srcset=\"https:\/\/www.greenmech.com.ro\/wp-content\/uploads\/2025\/09\/image-38-edited.png 795w, https:\/\/www.greenmech.com.ro\/wp-content\/uploads\/2025\/09\/image-38-edited-300x225.png 300w, https:\/\/www.greenmech.com.ro\/wp-content\/uploads\/2025\/09\/image-38-edited-768x576.png 768w\" sizes=\"auto, (max-width: 795px) 100vw, 795px\" \/><\/figure>\n<\/div>\n\n\n\n<div class=\"wp-block-column is-layout-flow wp-block-column-is-layout-flow\">\n<figure class=\"wp-block-image size-full\"><img loading=\"lazy\" decoding=\"async\" width=\"839\" height=\"592\" src=\"https:\/\/www.greenmech.com.ro\/wp-content\/uploads\/2025\/09\/image-39.png\" alt=\"\" class=\"wp-image-108\" srcset=\"https:\/\/www.greenmech.com.ro\/wp-content\/uploads\/2025\/09\/image-39.png 839w, https:\/\/www.greenmech.com.ro\/wp-content\/uploads\/2025\/09\/image-39-300x212.png 300w, https:\/\/www.greenmech.com.ro\/wp-content\/uploads\/2025\/09\/image-39-768x542.png 768w\" sizes=\"auto, (max-width: 839px) 100vw, 839px\" \/><\/figure>\n<\/div>\n<\/div>\n\n\n\n<div style=\"height:30px\" aria-hidden=\"true\" class=\"wp-block-spacer\"><\/div>\n\n\n\n<h3 class=\"wp-block-heading\">Caracteristici principale<\/h3>\n\n\n\n<p><strong>SISTEM DE ALIMENTARE \u201eNO-STRESS\u201d<\/strong><br>Ofer\u0103 protec\u021bie \u201eno-stress\u201d \u00eempotriva supra\u00eenc\u0103rc\u0103rii, detectare automat\u0103 a sarcinii \u0219i afi\u0219eaz\u0103 o gam\u0103 de date despre motor \u0219i toc\u0103tor pentru performan\u021be optime.<\/p>\n\n\n\n<p><strong>PLATOU ROTATIV LA 360\u00b0<\/strong><br>Indiferent de restric\u021biile de pe \u0219antier, \u00eentreaga unitate de alimentare \u0219i capul volanului poate fi rotit\u0103 la 360\u00b0 f\u0103r\u0103 a muta \u0219asiul pe ro\u021bi.<\/p>\n\n\n\n<p><strong>SISTEM CU DISC-LAM\u0102<\/strong><br>Include celebra configura\u021bie \u201eDisc-Blade\u201d, care permite rotirea muchiei de t\u0103iere \u0219i extinde intervalul de ascu\u021bire la aproximativ o dat\u0103 la 150 de ore de utilizare.<\/p>\n\n\n\n<p><strong>GUR\u0102 DE ALIMENTARE LARG\u0102<\/strong><br>Reduce timpul necesar debit\u0103rii cu fier\u0103str\u0103ul \u0219i ajut\u0103 la prevenirea declan\u0219\u0103rii accidentale a barei de siguran\u021b\u0103 la introducerea ramurilor late.<\/p>\n\n\n\n<p><strong>ROLE HIDRAULICE VERTICALE DUBLE<\/strong><br>Cele dou\u0103 role verticale hidraulice zdrobesc eficient materialul lemnos, cu mi\u0219c\u0103ri laterale minime.<\/p>\n\n\n\n<p><strong>117 dB PUTERE SONOR\u0102 \/ 93 dB PRESIUNE ACUSTIC\u0102<\/strong><br>Capota rabatabil\u0103 din o\u021bel, \u00een combina\u021bie cu sistemul cu disc-lam\u0103, face ca acest toc\u0103tor de lemn s\u0103 fie unul dintre cele mai silen\u021bioase de pe pia\u021b\u0103.<\/p>\n","protected":false},"excerpt":{"rendered":"<p>Prioritate pentru joburile cu risc ridicat Toc\u0103torul GreenMech QuadChip 160P Acest toc\u0103tor special, remorcat pe drum, este proiectat \u00een mod specific pentru contractorii de \u00eentre\u021binere a drumurilor \u0219i autostr\u0103zilor. \u00centreaga unitate de toc\u0103tor poate roti 360\u00b0 pe \u0219asiu, permi\u021b\u00e2nd operatorilor s\u0103 pozi\u021bioneze gura de alimentare departe de marginea drumului. Informa\u021bii extra Capacitate 6&#8243; \/ 160 [&hellip;]<\/p>\n","protected":false},"author":1,"featured_media":0,"parent":0,"menu_order":0,"comment_status":"closed","ping_status":"closed","template":"","meta":{"footnotes":""},"class_list":["post-102","page","type-page","status-publish","hentry"],"aioseo_notices":[],"_links":{"self":[{"href":"https:\/\/www.greenmech.com.ro\/index.php\/wp-json\/wp\/v2\/pages\/102","targetHints":{"allow":["GET"]}}],"collection":[{"href":"https:\/\/www.greenmech.com.ro\/index.php\/wp-json\/wp\/v2\/pages"}],"about":[{"href":"https:\/\/www.greenmech.com.ro\/index.php\/wp-json\/wp\/v2\/types\/page"}],"author":[{"embeddable":true,"href":"https:\/\/www.greenmech.com.ro\/index.php\/wp-json\/wp\/v2\/users\/1"}],"replies":[{"embeddable":true,"href":"https:\/\/www.greenmech.com.ro\/index.php\/wp-json\/wp\/v2\/comments?post=102"}],"version-history":[{"count":4,"href":"https:\/\/www.greenmech.com.ro\/index.php\/wp-json\/wp\/v2\/pages\/102\/revisions"}],"predecessor-version":[{"id":198,"href":"https:\/\/www.greenmech.com.ro\/index.php\/wp-json\/wp\/v2\/pages\/102\/revisions\/198"}],"wp:attachment":[{"href":"https:\/\/www.greenmech.com.ro\/index.php\/wp-json\/wp\/v2\/media?parent=102"}],"curies":[{"name":"wp","href":"https:\/\/api.w.org\/{rel}","templated":true}]}}